{"id":16261,"date":"2014-07-03T13:52:05","date_gmt":"2014-07-03T13:52:05","guid":{"rendered":"https:\/\/www.autojupid.ee\/fi\/garantii\/"},"modified":"2017-11-30T18:03:14","modified_gmt":"2017-11-30T18:03:14","slug":"takuu-varaosille","status":"publish","type":"page","link":"https:\/\/www.autojupid.ee\/fi\/takuu-varaosille\/","title":{"rendered":"Takuu varaosille"},"content":{"rendered":"<div class=\"wpb-content-wrapper\"><p>[vc_row css_animation=&#8221;&#8221; row_type=&#8221;row&#8221; use_row_as_full_screen_section=&#8221;no&#8221; type=&#8221;grid&#8221; anchor=&#8221;portfolio&#8221; angled_section=&#8221;no&#8221; text_align=&#8221;left&#8221; background_image_as_pattern=&#8221;without_pattern&#8221; background_color=&#8221;#ffffff&#8221; padding_top=&#8221;82&#8243; padding_bottom=&#8221;0&#8243;][vc_column width=&#8221;2\/3&#8243;][vc_column_text]<\/p>\n<h2>Takuu varaosille<\/h2>\n<p>[\/vc_column_text][vc_separator type=&#8221;transparent&#8221; up=&#8221;20&#8243; down=&#8221;0&#8243;][vc_column_text]Autojupid.ee O\u00dc myymille varaosille annetaan yleens\u00e4 30 p\u00e4iv\u00e4n takuu varaosan luovutusp\u00e4iv\u00e4st\u00e4 lukien, ellei erikseen toisin sovita. Mik\u00e4li varaosan luovutuksen j\u00e4lkeen ilmenee, ett\u00e4 ao. osa on k\u00e4ytt\u00f6kelvoton, Autojupid.ee O\u00dc vaihtaa viallisen osan uuteen mahdollisimman pian. Mik\u00e4li varaosan vaihto osoittautuu mahdottomaksi tai vaatisi kohtuutonta vaivaa, Autojupid.ee O\u00dc hyvitt\u00e4\u00e4 asiakkaalle ao. varaosan hinnan.<\/p>\n<p>&nbsp;<\/p>\n<p>Turbojen takuuehdot katso t\u00e4st\u00e4.<\/p>\n<p>Turbojen takuu on 1 vuosi luovutushetkest\u00e4, jos noudatetaan edell\u00e4 mainittuja ehtoja.<\/p>\n<p>&nbsp;<\/p>\n<p>Ohjausvaihteille annetaan 1 vuoden takuu.<\/p>\n<p>Ohjausvaihteiden luovutus\/vastaanottop\u00f6yt\u00e4kirja -lomake l\u00f6ytyy t\u00e4\u00e4lt\u00e4.<\/p>\n<p>&nbsp;<\/p>\n<p>Takuu raukeaa, jos varaosa on irrotettu tai rikottu asiakkaan toimesta. Takuu ei kata kuluja, jotka liittyv\u00e4t varaosan kuljettamiseen, asentamiseen ja irrottamiseen.[\/vc_column_text][vc_separator type=&#8221;transparent&#8221; up=&#8221;57&#8243; down=&#8221;0&#8243;][\/vc_column][vc_column width=&#8221;1\/3&#8243;][vc_single_image image=&#8221;16262&#8243; img_size=&#8221;full&#8221; alignment=&#8221;center&#8221; qode_css_animation=&#8221;&#8221;][\/vc_column][\/vc_row][vc_row css_animation=&#8221;&#8221; row_type=&#8221;row&#8221; use_row_as_full_screen_section=&#8221;no&#8221; type=&#8221;grid&#8221; angled_section=&#8221;no&#8221; text_align=&#8221;left&#8221; background_image_as_pattern=&#8221;without_pattern&#8221; background_color=&#8221;#ffffff&#8221;][vc_column][vc_separator type=&#8221;small&#8221; position=&#8221;left&#8221; up=&#8221;0&#8243; down=&#8221;42&#8243;][\/vc_column][\/vc_row]<\/p>\n<\/div>","protected":false},"excerpt":{"rendered":"<p>[vc_row css_animation=&#8221;&#8221; row_type=&#8221;row&#8221; use_row_as_full_screen_section=&#8221;no&#8221; type=&#8221;grid&#8221; anchor=&#8221;portfolio&#8221; angled_section=&#8221;no&#8221; text_align=&#8221;left&#8221; background_image_as_pattern=&#8221;without_pattern&#8221; background_color=&#8221;#ffffff&#8221; padding_top=&#8221;82&#8243; padding_bottom=&#8221;0&#8243;][vc_column width=&#8221;2\/3&#8243;][vc_column_text] Takuu varaosille [\/vc_column_text][vc_separator type=&#8221;transparent&#8221; up=&#8221;20&#8243; down=&#8221;0&#8243;][vc_column_text]Autojupid.ee O\u00dc myymille varaosille annetaan yleens\u00e4 30 p\u00e4iv\u00e4n takuu varaosan luovutusp\u00e4iv\u00e4st\u00e4 lukien, ellei erikseen toisin sovita. Mik\u00e4li varaosan luovutuksen j\u00e4lkeen ilmenee, ett\u00e4 ao. osa on k\u00e4ytt\u00f6kelvoton, Autojupid.ee&#8230;<\/p>\n","protected":false},"author":1,"featured_media":0,"parent":0,"menu_order":0,"comment_status":"open","ping_status":"open","template":"full_width.php","meta":{"footnotes":""},"class_list":["post-16261","page","type-page","status-publish","hentry"],"_links":{"self":[{"href":"https:\/\/www.autojupid.ee\/fi\/wp-json\/wp\/v2\/pages\/16261","targetHints":{"allow":["GET"]}}],"collection":[{"href":"https:\/\/www.autojupid.ee\/fi\/wp-json\/wp\/v2\/pages"}],"about":[{"href":"https:\/\/www.autojupid.ee\/fi\/wp-json\/wp\/v2\/types\/page"}],"author":[{"embeddable":true,"href":"https:\/\/www.autojupid.ee\/fi\/wp-json\/wp\/v2\/users\/1"}],"replies":[{"embeddable":true,"href":"https:\/\/www.autojupid.ee\/fi\/wp-json\/wp\/v2\/comments?post=16261"}],"version-history":[{"count":3,"href":"https:\/\/www.autojupid.ee\/fi\/wp-json\/wp\/v2\/pages\/16261\/revisions"}],"predecessor-version":[{"id":16276,"href":"https:\/\/www.autojupid.ee\/fi\/wp-json\/wp\/v2\/pages\/16261\/revisions\/16276"}],"wp:attachment":[{"href":"https:\/\/www.autojupid.ee\/fi\/wp-json\/wp\/v2\/media?parent=16261"}],"curies":[{"name":"wp","href":"https:\/\/api.w.org\/{rel}","templated":true}]}}