{"id":16270,"date":"2014-05-20T07:51:11","date_gmt":"2014-05-20T07:51:11","guid":{"rendered":"https:\/\/www.autojupid.ee\/fi\/home\/"},"modified":"2017-11-30T19:44:02","modified_gmt":"2017-11-30T19:44:02","slug":"home","status":"publish","type":"page","link":"https:\/\/www.autojupid.ee\/fi\/","title":{"rendered":"Home"},"content":{"rendered":"<div class=\"wpb-content-wrapper\"><p>[vc_row css_animation=&#8221;&#8221; row_type=&#8221;row&#8221; use_row_as_full_screen_section=&#8221;no&#8221; type=&#8221;grid&#8221; angled_section=&#8221;no&#8221; text_align=&#8221;left&#8221; background_image_as_pattern=&#8221;without_pattern&#8221; background_color=&#8221;#ffffff&#8221; padding_top=&#8221;42&#8243;][vc_column]<div class=\"custom_font_holder \" style=\"font-family: Lato; font-style: normal; font-weight: 900; text-decoration: none; text-align: left; --qode-cf-font-size: 34px; --qode-cf-line-height: 40px; --qode-cf-font-size-1440: 34px; --qode-cf-line-height-1440: 40px; --qode-cf-font-size-1366: 34px; --qode-cf-line-height-1366: 40px; --qode-cf-font-size-1280: 34px; --qode-cf-line-height-1280: 40px; --qode-cf-font-size-1024: 34px; --qode-cf-line-height-1024: 40px; --qode-cf-font-size-768: 34px; --qode-cf-line-height-768: 40px; --qode-cf-font-size-680: 34px; --qode-cf-line-height-680: 40px; --qode-cf-font-size-480: 34px; --qode-cf-line-height-480: 40px;\">T\u00e4rkein toimintasuuntamme on kunnostettujen ja uusien varaosien myynti. Korjaamo ottaa vanhan osan vaihto-osana takaisin.<\/div>[vc_separator type=&#8221;small&#8221; position=&#8221;left&#8221; up=&#8221;22&#8243; down=&#8221;22&#8243;]<div class=\"custom_font_holder \" style=\"font-family: Lato; font-style: normal; font-weight: 900; text-decoration: none; text-align: left; --qode-cf-font-size: 34px; --qode-cf-line-height: 40px; --qode-cf-font-size-1440: 34px; --qode-cf-line-height-1440: 40px; --qode-cf-font-size-1366: 34px; --qode-cf-line-height-1366: 40px; --qode-cf-font-size-1280: 34px; --qode-cf-line-height-1280: 40px; --qode-cf-font-size-1024: 34px; --qode-cf-line-height-1024: 40px; --qode-cf-font-size-768: 34px; --qode-cf-line-height-768: 40px; --qode-cf-font-size-680: 34px; --qode-cf-line-height-680: 40px; --qode-cf-font-size-480: 34px; --qode-cf-line-height-480: 40px;\">Tarjoamme my\u00f6s mahdollisuutta kunnostaa asiakkaan oma turbo, ohjausvaihde tai manuaalivaihteisto. Pyyd\u00e4 tarjous!<\/div>[vc_separator type=&#8221;small&#8221; position=&#8221;left&#8221; up=&#8221;42&#8243; down=&#8221;42&#8243;][\/vc_column][\/vc_row][vc_row css_animation=&#8221;&#8221; row_type=&#8221;row&#8221; use_row_as_full_screen_section=&#8221;no&#8221; type=&#8221;full_width&#8221; angled_section=&#8221;no&#8221; text_align=&#8221;left&#8221; background_image_as_pattern=&#8221;without_pattern&#8221;][vc_column][vc_column_text]<\/p>\n<p>[\/vc_column_text][\/vc_column][\/vc_row][vc_row css_animation=&#8221;&#8221; row_type=&#8221;row&#8221; use_row_as_full_screen_section=&#8221;no&#8221; type=&#8221;grid&#8221; anchor=&#8221;turbod&#8221; angled_section=&#8221;no&#8221; text_align=&#8221;left&#8221; background_image_as_pattern=&#8221;without_pattern&#8221; background_color=&#8221;#ffffff&#8221; padding_top=&#8221;24&#8243; padding_bottom=&#8221;25&#8243;][vc_column width=&#8221;1\/2&#8243;][vc_separator type=&#8221;transparent&#8221; up=&#8221;42&#8243; down=&#8221;0&#8243;][vc_column_text]<\/p>\n<h2>Tehdaskunnostettujen turbojen myynti ja korjaus<\/h2>\n<p>[\/vc_column_text][vc_separator type=&#8221;transparent&#8221; up=&#8221;0&#8243; down=&#8221;12&#8243;][vc_column_text]<\/p>\n<div dir=\"auto\">\n<p>Uusien ja kunnostettujen turbokompressorien myynti, vanha osa otetaan vaihto-osana takaisin. Turboille annetaan 1 vuoden tehdastakuu (ilman kilometrirajaa).<\/p>\n<p>Lis\u00e4ksi korjaamme henkil\u00f6- ja kuorma-autojen sek\u00e4 erityisajoneuvojen turboja. Kysy rohkeasti tarjousta!<\/p>\n<p>Turbokompressoreille annetaan 1 vuoden tehdastakuu ilman kilometrirajaa. Turbojen ja turbokompressorien korjaus \u2013 korjaamme henkil\u00f6- ja kuorma-autojen sek\u00e4 erityisajoneuvojen turboja, kysy rohkeasti tarjousta!<\/p>\n<p>Tarjoamme my\u00f6s viallisten turbojen tai turbokompressorien MAKSUTONTA asiantuntijatarkastusta, selvit\u00e4kseen vian syy. T\u00e4m\u00e4 antaa varmuuden, ettei uuden turbon kohdalla synny samaa ongelmaa.<\/p><\/div>\n<p>[\/vc_column_text][vc_separator type=&#8221;transparent&#8221; thickness=&#8221;15&#8243;]<a  itemprop=\"url\" href=\"https:\/\/www.autojupid.ee\/fi\/tehdaskunnostettujen-turbojen-myynti-ja-korjaus\/\" target=\"_self\"  class=\"qbutton  medium default\" style=\"background-color: #000000;\">L\u00e4het\u00e4 turbojen hintakysely<\/a>[vc_separator type=&#8221;small&#8221; position=&#8221;left&#8221; up=&#8221;57&#8243; down=&#8221;60&#8243;][\/vc_column][vc_column width=&#8221;1\/2&#8243;][vc_single_image image=&#8221;16055&#8243; img_size=&#8221;full&#8221; alignment=&#8221;center&#8221; qode_css_animation=&#8221;element_from_right&#8221; transition_delay=&#8221;0.6&#8243;][\/vc_column][\/vc_row][vc_row css_animation=&#8221;&#8221; row_type=&#8221;row&#8221; use_row_as_full_screen_section=&#8221;no&#8221; type=&#8221;grid&#8221; anchor=&#8221;latid&#8221; angled_section=&#8221;no&#8221; text_align=&#8221;left&#8221; background_image_as_pattern=&#8221;without_pattern&#8221; background_color=&#8221;#ffffff&#8221; padding_top=&#8221;30&#8243; padding_bottom=&#8221;35&#8243;][vc_column width=&#8221;1\/2&#8243;][vc_single_image image=&#8221;15855&#8243; img_size=&#8221;full&#8221; alignment=&#8221;center&#8221; qode_css_animation=&#8221;element_from_left&#8221; transition_delay=&#8221;0.3&#8243;][\/vc_column][vc_column width=&#8221;1\/2&#8243;][vc_separator type=&#8221;transparent&#8221; up=&#8221;42&#8243; down=&#8221;0&#8243;][vc_column_text]<\/p>\n<h2>Uusittujen eli tehdaskunnostettujen ohjausvaihteiden myynti<\/h2>\n<p>[\/vc_column_text][vc_separator type=&#8221;transparent&#8221; up=&#8221;0&#8243; down=&#8221;12&#8243;][vc_column_text]Tehdaskunnostettujen ohjausvaihteiden myynti sek\u00e4 uusittujen ohjausvaihteiden myynti<\/p>\n<p>Ohjausvaihteille annetaan 1 vuoden tehdastakuu (ilman kilometrirajaa).<\/p>\n<p>&nbsp;<\/p>\n<p>Korjaamme sek\u00e4 henkil\u00f6- ett\u00e4 pakettiautojen ohjausvaihteita ja kunnostamme ohjausj\u00e4rjestelmi\u00e4.<\/p>\n<p>&nbsp;<\/p>\n<p>Kysy rohkeasti tarjousta![\/vc_column_text][vc_separator type=&#8221;transparent&#8221; thickness=&#8221;15&#8243;]<a  itemprop=\"url\" href=\"https:\/\/www.autojupid.ee\/fi\/uusittujen-eli-tehdaskunnostettujen-ohjausvaihteiden-myynti\/\" target=\"_self\"  class=\"qbutton  medium default\" style=\"background-color: #000000;\">L\u00e4het\u00e4 ohjausvaihteen hintakysely<\/a>[vc_separator type=&#8221;small&#8221; position=&#8221;left&#8221; up=&#8221;57&#8243; down=&#8221;60&#8243;][\/vc_column][\/vc_row][vc_row css_animation=&#8221;&#8221; row_type=&#8221;row&#8221; use_row_as_full_screen_section=&#8221;no&#8221; type=&#8221;grid&#8221; anchor=&#8221;kastid&#8221; angled_section=&#8221;no&#8221; text_align=&#8221;left&#8221; background_image_as_pattern=&#8221;without_pattern&#8221; background_color=&#8221;#ffffff&#8221; padding_top=&#8221;24&#8243; padding_bottom=&#8221;25&#8243;][vc_column width=&#8221;1\/2&#8243;][vc_separator type=&#8221;transparent&#8221; up=&#8221;42&#8243; down=&#8221;0&#8243;][vc_column_text]<\/p>\n<h2>Manuaalivaihteistojen myynti ja korjaus<\/h2>\n<p>[\/vc_column_text][vc_separator type=&#8221;transparent&#8221; up=&#8221;0&#8243; down=&#8221;12&#8243;][vc_column_text]Tehdaskunnostettujen manuaalivaihteistojen myynti Renault, Citroen, Opel, Mercedez-Benz, Nissan, Peugeot, Ford, Fiat, Volkswagen -pakettiautoille.<\/p>\n<p>Manuaalivaihteistoille annetaan 1 vuoden tehdastakuu (ilman kilometrirajaa).<\/p>\n<p>Myymme, korjaamme ja kunnostamme pakettiautojen manuaalivaihteistoja.<\/p>\n<p>&nbsp;<\/p>\n<p>Kysy rohkeasti tarjousta \u2013 soita tai l\u00e4het\u00e4 s\u00e4hk\u00f6posti.[\/vc_column_text][vc_separator type=&#8221;transparent&#8221; thickness=&#8221;15&#8243;]<a  itemprop=\"url\" href=\"https:\/\/www.autojupid.ee\/fi\/manuaalivaihteistojen-myynti-ja-korjaus\/\" target=\"_self\"  class=\"qbutton  medium default\" style=\"background-color: #000000;\">L\u00e4het\u00e4 hintakysely<\/a>[vc_separator type=&#8221;small&#8221; position=&#8221;left&#8221; up=&#8221;57&#8243; down=&#8221;60&#8243;][\/vc_column][vc_column width=&#8221;1\/2&#8243;][vc_single_image image=&#8221;16035&#8243; img_size=&#8221;full&#8221; alignment=&#8221;center&#8221; qode_css_animation=&#8221;element_from_right&#8221; transition_delay=&#8221;0.6&#8243;][\/vc_column][\/vc_row][vc_row css_animation=&#8221;&#8221; row_type=&#8221;row&#8221; use_row_as_full_screen_section=&#8221;no&#8221; type=&#8221;grid&#8221; anchor=&#8221;mootorid&#8221; angled_section=&#8221;no&#8221; text_align=&#8221;left&#8221; background_image_as_pattern=&#8221;without_pattern&#8221; background_color=&#8221;#ffffff&#8221; padding_top=&#8221;30&#8243; padding_bottom=&#8221;35&#8243;][vc_column width=&#8221;1\/2&#8243;][vc_single_image image=&#8221;16039&#8243; img_size=&#8221;full&#8221; alignment=&#8221;center&#8221; qode_css_animation=&#8221;element_from_left&#8221; transition_delay=&#8221;0.3&#8243;][\/vc_column][vc_column width=&#8221;1\/2&#8243;][vc_separator type=&#8221;transparent&#8221; up=&#8221;42&#8243; down=&#8221;0&#8243;][vc_column_text]<\/p>\n<h2>Automoottorien myynti<\/h2>\n<p>[\/vc_column_text][vc_separator type=&#8221;transparent&#8221; up=&#8221;0&#8243; down=&#8221;12&#8243;][vc_column_text]Moottorit \u2013 k\u00e4ytetyt moottorit Euroopasta, huoltohistoria selvitetty.<\/p>\n<p>Kaikille tuotteille takuu!<\/p>\n<p>&nbsp;<\/p>\n<p>Pyyd\u00e4 tarjous![\/vc_column_text][vc_separator type=&#8221;transparent&#8221; thickness=&#8221;15&#8243;]<a  itemprop=\"url\" href=\"https:\/\/www.autojupid.ee\/fi\/automoottorien-myynti\/\" target=\"_self\"  class=\"qbutton  medium default\" style=\"background-color: #000000;\">L\u00e4het\u00e4 hintakysely<\/a>[vc_separator type=&#8221;small&#8221; position=&#8221;left&#8221; up=&#8221;57&#8243; down=&#8221;60&#8243;][\/vc_column][\/vc_row][vc_row css_animation=&#8221;&#8221; row_type=&#8221;row&#8221; use_row_as_full_screen_section=&#8221;no&#8221; type=&#8221;grid&#8221; anchor=&#8221;miks&#8221; angled_section=&#8221;no&#8221; text_align=&#8221;left&#8221; background_image_as_pattern=&#8221;without_pattern&#8221; background_color=&#8221;#f9f9f9&#8243; padding_top=&#8221;90&#8243; padding_bottom=&#8221;90&#8243;][vc_column width=&#8221;1\/3&#8243;][vc_column_text]<\/p>\n<h4 style=\"text-align: center;\">12 kuukauden takuu<\/h4>\n<p>[\/vc_column_text][vc_separator type=&#8221;transparent&#8221; thickness=&#8221;25&#8243;][vc_column_text]<\/p>\n<p style=\"text-align: center;\">Kaikille Autojupid.ee O\u00dc myymille kunnostetuille laitteille annetaan 12 kuukauden takuu (ilman kilometrirajaa).<\/p>\n<p>[\/vc_column_text][vc_separator type=&#8221;transparent&#8221; thickness=&#8221;25&#8243;][vc_single_image image=&#8221;16262&#8243; img_size=&#8221;full&#8221; qode_css_animation=&#8221;&#8221;][\/vc_column][vc_column width=&#8221;1\/3&#8243;][vc_column_text]<\/p>\n<h4 style=\"text-align: center;\">Tavarat perille yhdess\u00e4 p\u00e4iv\u00e4ss\u00e4<\/h4>\n<p>[\/vc_column_text][vc_separator type=&#8221;transparent&#8221; thickness=&#8221;25&#8243;][vc_column_text]<\/p>\n<div class=\"wpb_text_column wpb_content_element \">\n<div class=\"wpb_wrapper\">\n<p style=\"text-align: center;\">Hyv\u00e4t pitk\u00e4aikaiset yhteisty\u00f6kumppanimme Cargo ja DPD toimittavat tilaamasi varaosat kotisi, toimistosi tai korjaamosi ovelle asti yhdess\u00e4 p\u00e4iv\u00e4ss\u00e4.<\/p>\n<\/div>\n<\/div>\n<p>[\/vc_column_text][vc_separator type=&#8221;transparent&#8221; thickness=&#8221;25&#8243;][vc_single_image image=&#8221;15804&#8243; img_size=&#8221;full&#8221; qode_css_animation=&#8221;&#8221;][\/vc_column][vc_column width=&#8221;1\/3&#8243;][vc_column_text]<\/p>\n<h4 style=\"text-align: center;\">10 vuoden kokemus<\/h4>\n<p>[\/vc_column_text][vc_separator type=&#8221;transparent&#8221; thickness=&#8221;25&#8243;][vc_column_text]<\/p>\n<div class=\"wpb_text_column wpb_content_element \">\n<div class=\"wpb_wrapper\">\n<p style=\"text-align: center;\">Yrityksemme on toiminut varaosamarkkinoilla yli 10 vuotta. Pitk\u00e4aikaisen kokemuksen nojalla pystymme tarjoamaan asiakkaillemme my\u00f6s asiantuntevaa neuvontaa. Palvelumme perustuu kunkin asiakkaan yksil\u00f6llisiin tarpeisiin ja aina pyrit\u00e4\u00e4n l\u00f6yt\u00e4m\u00e4\u00e4n kaikkia osapuolia tyydytt\u00e4v\u00e4 ratkaisu.<\/p>\n<\/div>\n<\/div>\n<p>[\/vc_column_text][vc_separator type=&#8221;transparent&#8221; thickness=&#8221;25&#8243;][\/vc_column][\/vc_row][vc_row css_animation=&#8221;&#8221; row_type=&#8221;row&#8221; use_row_as_full_screen_section=&#8221;no&#8221; type=&#8221;full_width&#8221; angled_section=&#8221;no&#8221; text_align=&#8221;left&#8221; background_image_as_pattern=&#8221;without_pattern&#8221;][vc_column]<div class=\"call_to_action normal\" style=\"\"><div class=\"container_inner\"><div class=\"two_columns_75_25 clearfix\"><div class=\"text_wrapper column1\"><div class=\"call_to_action_text \" style=\"\">L\u00f6yt\u00e4\u00e4ksesi sopivan varaosan, ole hyv\u00e4 ja l\u00e4het\u00e4 meille varaosakysely (linkki) tai soita ja me teemme sinulle tarjouksen mahdollisimman pian.<\/div><\/div><div class=\"button_wrapper column2\"><a itemprop=\"url\" href=\"https:\/\/www.autojupid.ee\/varuosaparing\/\" class=\"qbutton white \" target=\"\" style=\"color: #000000;border-color: #ffffff;background-color: #ffffff;\" data-hover-background-color=#000000 data-hover-border-color=#000000 data-hover-color=#ffffff>saada varuosap\u00e4ring<\/a><\/div><\/div><\/div><\/div>[\/vc_column][\/vc_row][vc_row css_animation=&#8221;&#8221; row_type=&#8221;row&#8221; use_row_as_full_screen_section=&#8221;no&#8221; type=&#8221;full_width&#8221; angled_section=&#8221;no&#8221; text_align=&#8221;left&#8221; background_image_as_pattern=&#8221;without_pattern&#8221; background_color=&#8221;#000000&#8243; padding_top=&#8221;90&#8243; padding_bottom=&#8221;90&#8243;][vc_column width=&#8221;1\/6&#8243;][\/vc_column][vc_column width=&#8221;2\/3&#8243;][vc_column_text]<\/p>\n<h5 style=\"text-align: center; color: #ffffff;\">\u00dcle Eesti saame kliendile pakkuda v\u00f5tmed k\u00e4tte lahendust. Mis t\u00e4hendab et tellite meilt varuosa ja see paigaldatakse kvalifitseeritud t\u00f6\u00f6kojas kes v\u00e4ljastab Teile \u00fchekordse l\u00f5pparve.<\/h5>\n<p>[\/vc_column_text][\/vc_column][vc_column width=&#8221;1\/6&#8243;][\/vc_column][\/vc_row]<\/p>\n<\/div>","protected":false},"excerpt":{"rendered":"<p>[vc_row css_animation=&#8221;&#8221; row_type=&#8221;row&#8221; use_row_as_full_screen_section=&#8221;no&#8221; type=&#8221;grid&#8221; angled_section=&#8221;no&#8221; text_align=&#8221;left&#8221; background_image_as_pattern=&#8221;without_pattern&#8221; background_color=&#8221;#ffffff&#8221; padding_top=&#8221;42&#8243;][vc_column][vc_separator type=&#8221;small&#8221; position=&#8221;left&#8221; up=&#8221;22&#8243; down=&#8221;22&#8243;][vc_separator type=&#8221;small&#8221; position=&#8221;left&#8221; up=&#8221;42&#8243; down=&#8221;42&#8243;][\/vc_column][\/vc_row][vc_row css_animation=&#8221;&#8221; row_type=&#8221;row&#8221; use_row_as_full_screen_section=&#8221;no&#8221; type=&#8221;full_width&#8221; angled_section=&#8221;no&#8221; text_align=&#8221;left&#8221; background_image_as_pattern=&#8221;without_pattern&#8221;][vc_column][vc_column_text] [\/vc_column_text][\/vc_column][\/vc_row][vc_row css_animation=&#8221;&#8221; row_type=&#8221;row&#8221; use_row_as_full_screen_section=&#8221;no&#8221; type=&#8221;grid&#8221; anchor=&#8221;turbod&#8221; angled_section=&#8221;no&#8221; text_align=&#8221;left&#8221; background_image_as_pattern=&#8221;without_pattern&#8221; background_color=&#8221;#ffffff&#8221; padding_top=&#8221;24&#8243; padding_bottom=&#8221;25&#8243;][vc_column width=&#8221;1\/2&#8243;][vc_separator type=&#8221;transparent&#8221; up=&#8221;42&#8243; down=&#8221;0&#8243;][vc_column_text] Tehdaskunnostettujen turbojen myynti ja&#8230;<\/p>\n","protected":false},"author":1,"featured_media":0,"parent":0,"menu_order":0,"comment_status":"open","ping_status":"open","template":"full_width.php","meta":{"footnotes":""},"class_list":["post-16270","page","type-page","status-publish","hentry"],"_links":{"self":[{"href":"https:\/\/www.autojupid.ee\/fi\/wp-json\/wp\/v2\/pages\/16270","targetHints":{"allow":["GET"]}}],"collection":[{"href":"https:\/\/www.autojupid.ee\/fi\/wp-json\/wp\/v2\/pages"}],"about":[{"href":"https:\/\/www.autojupid.ee\/fi\/wp-json\/wp\/v2\/types\/page"}],"author":[{"embeddable":true,"href":"https:\/\/www.autojupid.ee\/fi\/wp-json\/wp\/v2\/users\/1"}],"replies":[{"embeddable":true,"href":"https:\/\/www.autojupid.ee\/fi\/wp-json\/wp\/v2\/comments?post=16270"}],"version-history":[{"count":3,"href":"https:\/\/www.autojupid.ee\/fi\/wp-json\/wp\/v2\/pages\/16270\/revisions"}],"predecessor-version":[{"id":16377,"href":"https:\/\/www.autojupid.ee\/fi\/wp-json\/wp\/v2\/pages\/16270\/revisions\/16377"}],"wp:attachment":[{"href":"https:\/\/www.autojupid.ee\/fi\/wp-json\/wp\/v2\/media?parent=16270"}],"curies":[{"name":"wp","href":"https:\/\/api.w.org\/{rel}","templated":true}]}}