{"id":16278,"date":"2017-09-14T08:37:45","date_gmt":"2017-09-14T08:37:45","guid":{"rendered":"https:\/\/www.autojupid.ee\/fi\/manuaalkaigukastide-muuk-ja-remont\/"},"modified":"2017-11-30T18:15:04","modified_gmt":"2017-11-30T18:15:04","slug":"manuaalivaihteistojen-myynti-ja-korjaus","status":"publish","type":"page","link":"https:\/\/www.autojupid.ee\/fi\/manuaalivaihteistojen-myynti-ja-korjaus\/","title":{"rendered":"Manuaalivaihteistojen myynti ja korjaus"},"content":{"rendered":"<div class=\"wpb-content-wrapper\"><p>[vc_row css_animation=&#8221;&#8221; row_type=&#8221;row&#8221; use_row_as_full_screen_section=&#8221;no&#8221; type=&#8221;full_width&#8221; angled_section=&#8221;no&#8221; text_align=&#8221;left&#8221; background_image_as_pattern=&#8221;without_pattern&#8221; padding_bottom=&#8221;50&#8243;][vc_column][vc_column_text]<\/p>\n<h2>Manuaalivaihteistojen myynti ja korjaus<\/h2>\n<p>[\/vc_column_text][vc_separator type=&#8221;transparent&#8221; thickness=&#8221;15&#8243;][vc_row_inner row_type=&#8221;row&#8221; type=&#8221;full_width&#8221; text_align=&#8221;left&#8221; css_animation=&#8221;&#8221;][vc_column_inner width=&#8221;2\/3&#8243;][vc_column_text]Tehdaskunnostettujen manuaalivaihteistojen myynti Renault, Citroen, Opel, Mercedez-Benz, Nissan, Peugeot, Ford, Fiat, Volkswagen -pakettiautoille.<\/p>\n<p>Manuaalivaihteistoille annetaan 1 vuoden tehdastakuu (ilman kilometrirajaa).<\/p>\n<p>Myymme, korjaamme ja kunnostamme pakettiautojen manuaalivaihteistoja.<\/p>\n<p>&nbsp;<\/p>\n<p>Kysy rohkeasti tarjousta \u2013 soita tai l\u00e4het\u00e4 s\u00e4hk\u00f6posti.[\/vc_column_text][\/vc_column_inner][vc_column_inner width=&#8221;1\/3&#8243;][vc_single_image image=&#8221;16035&#8243; img_size=&#8221;full&#8221; qode_css_animation=&#8221;&#8221;][vc_separator type=&#8221;transparent&#8221; thickness=&#8221;15&#8243;][\/vc_column_inner][\/vc_row_inner][\/vc_column][\/vc_row][vc_row css_animation=&#8221;&#8221; row_type=&#8221;row&#8221; use_row_as_full_screen_section=&#8221;no&#8221; type=&#8221;full_width&#8221; angled_section=&#8221;no&#8221; text_align=&#8221;left&#8221; background_image_as_pattern=&#8221;without_pattern&#8221;][vc_column][vc_column_text]<\/p>\n<h2>Esit\u00e4 varaosakyselysi ja me vastaamme sinulle 24 h sis\u00e4ll\u00e4.<\/h2>\n<p>[\/vc_column_text][vc_separator type=&#8221;transparent&#8221; thickness=&#8221;15&#8243;]\n<div class=\"wpcf7 no-js\" id=\"wpcf7-f16260-o1\" lang=\"et\" dir=\"ltr\" data-wpcf7-id=\"16260\">\n<div class=\"screen-reader-response\"><p role=\"status\" aria-live=\"polite\" aria-atomic=\"true\"><\/p> <ul><\/ul><\/div>\n<form action=\"\/fi\/wp-json\/wp\/v2\/pages\/16278#wpcf7-f16260-o1\" method=\"post\" class=\"wpcf7-form init default\" aria-label=\"Contact form\" novalidate=\"novalidate\" data-status=\"init\">\n<fieldset class=\"hidden-fields-container\"><input type=\"hidden\" name=\"_wpcf7\" value=\"16260\" \/><input type=\"hidden\" name=\"_wpcf7_version\" value=\"6.1.5\" \/><input type=\"hidden\" name=\"_wpcf7_locale\" value=\"et\" \/><input type=\"hidden\" name=\"_wpcf7_unit_tag\" value=\"wpcf7-f16260-o1\" \/><input type=\"hidden\" name=\"_wpcf7_container_post\" value=\"0\" \/><input type=\"hidden\" name=\"_wpcf7_posted_data_hash\" value=\"\" \/><input type=\"hidden\" name=\"_wpcf7_recaptcha_response\" value=\"\" \/>\n<\/fieldset>\n<p>[vc_row css_animation=\"\" row_type=\"row\" use_row_as_full_screen_section=\"no\" type=\"full_width\" angled_section=\"no\" text_align=\"left\" background_image_as_pattern=\"without_pattern\" padding_top=\"5\" padding_bottom=\"5\"][vc_column width=\"1\/2\"]<div class=\"\"><span class=\"wpcf7-form-control-wrap\" data-name=\"smark\"><input size=\"40\" maxlength=\"400\" class=\"wpcf7-form-control wpcf7-text\" aria-invalid=\"false\" placeholder=\"Ajoneuvon merkki\" value=\"\" type=\"text\" name=\"smark\" \/><\/span><\/div>[\/vc_column][vc_column width=\"1\/2\"]<div class=\"\"><span class=\"wpcf7-form-control-wrap\" data-name=\"smudel\"><input size=\"40\" maxlength=\"400\" class=\"wpcf7-form-control wpcf7-text\" aria-invalid=\"false\" placeholder=\"Ajoneuvon malli\" value=\"\" type=\"text\" name=\"smudel\" \/><\/span><\/div>[\/vc_column][\/vc_row][vc_row css_animation=\"\" row_type=\"row\" use_row_as_full_screen_section=\"no\" type=\"full_width\" angled_section=\"no\" text_align=\"left\" background_image_as_pattern=\"without_pattern\" padding_top=\"5\" padding_bottom=\"5\"][vc_column width=\"1\/2\"]<div class=\"\"><span class=\"wpcf7-form-control-wrap\" data-name=\"aasta\"><input size=\"40\" maxlength=\"400\" class=\"wpcf7-form-control wpcf7-text\" aria-invalid=\"false\" placeholder=\"Vuosimalli\" value=\"\" type=\"text\" name=\"aasta\" \/><\/span><\/div>[\/vc_column][vc_column width=\"1\/2\"]<div class=\"\"><span class=\"wpcf7-form-control-wrap\" data-name=\"skub\"><input size=\"40\" maxlength=\"400\" class=\"wpcf7-form-control wpcf7-text\" aria-invalid=\"false\" placeholder=\"Moottorin tilavuus (cm\u00b3)\" value=\"\" type=\"text\" name=\"skub\" \/><\/span><\/div>[\/vc_column][\/vc_row][vc_row css_animation=\"\" row_type=\"row\" use_row_as_full_screen_section=\"no\" type=\"full_width\" angled_section=\"no\" text_align=\"left\" background_image_as_pattern=\"without_pattern\" padding_top=\"5\" padding_bottom=\"5\"][vc_column width=\"1\/2\"]<div class=\"\"><span class=\"wpcf7-form-control-wrap\" data-name=\"mvoimsus\"><input size=\"40\" maxlength=\"400\" class=\"wpcf7-form-control wpcf7-text\" aria-invalid=\"false\" placeholder=\"Moottorin teho (kW)\" value=\"\" type=\"text\" name=\"mvoimsus\" \/><\/span><\/div>[\/vc_column][vc_column width=\"1\/2\"]<div class=\"\"><span class=\"wpcf7-form-control-wrap\" data-name=\"mtahis\"><input size=\"40\" maxlength=\"400\" class=\"wpcf7-form-control wpcf7-text\" aria-invalid=\"false\" placeholder=\"Moottorin valmistenumero\" value=\"\" type=\"text\" name=\"mtahis\" \/><\/span><\/div>[\/vc_column][\/vc_row][vc_row css_animation=\"\" row_type=\"row\" use_row_as_full_screen_section=\"no\" type=\"full_width\" angled_section=\"no\" text_align=\"left\" background_image_as_pattern=\"without_pattern\" padding_top=\"5\" padding_bottom=\"5\"][vc_column width=\"1\/2\"]<div class=\"\"><span class=\"wpcf7-form-control-wrap\" data-name=\"kytus\"><input size=\"40\" maxlength=\"400\" class=\"wpcf7-form-control wpcf7-text\" aria-invalid=\"false\" placeholder=\"Polttoainetyyppi\" value=\"\" type=\"text\" name=\"kytus\" \/><\/span><\/div>[\/vc_column][vc_column width=\"1\/2\"]<div class=\"\"><span class=\"wpcf7-form-control-wrap\" data-name=\"rek\"><input size=\"40\" maxlength=\"400\" class=\"wpcf7-form-control wpcf7-text\" aria-invalid=\"false\" placeholder=\"Haettavat varaosat\" value=\"\" type=\"text\" name=\"rek\" \/><\/span><\/div>[\/vc_column][\/vc_row][vc_row css_animation=\"\" row_type=\"row\" use_row_as_full_screen_section=\"no\" type=\"full_width\" angled_section=\"no\" text_align=\"left\" background_image_as_pattern=\"without_pattern\" padding_top=\"5\" padding_bottom=\"5\"][vc_column]<div class=\"\"><span class=\"wpcf7-form-control-wrap\" data-name=\"detail\"><textarea cols=\"40\" rows=\"10\" maxlength=\"2000\" class=\"wpcf7-form-control wpcf7-textarea\" aria-invalid=\"false\" placeholder=\"Haettavat varaosat\" name=\"detail\"><\/textarea><\/span><\/div>[\/vc_column][\/vc_row][vc_row css_animation=\"\" row_type=\"row\" use_row_as_full_screen_section=\"no\" type=\"full_width\" angled_section=\"no\" text_align=\"left\" background_image_as_pattern=\"without_pattern\" padding_top=\"5\" padding_bottom=\"5\"][vc_column width=\"1\/2\"]<div class=\"\"><span class=\"wpcf7-form-control-wrap\" data-name=\"nimi\"><input size=\"40\" maxlength=\"400\" class=\"wpcf7-form-control wpcf7-text\" aria-invalid=\"false\" placeholder=\"Nimi\" value=\"\" type=\"text\" name=\"nimi\" \/><\/span><\/div>[\/vc_column][vc_column width=\"1\/2\"]<div class=\"\"><span class=\"wpcf7-form-control-wrap\" data-name=\"email\"><input size=\"40\" maxlength=\"400\" class=\"wpcf7-form-control wpcf7-email wpcf7-text wpcf7-validates-as-email\" aria-invalid=\"false\" placeholder=\"S-posti\" value=\"\" type=\"email\" name=\"email\" \/><\/span><\/div>[\/vc_column][\/vc_row][vc_row css_animation=\"\" row_type=\"row\" use_row_as_full_screen_section=\"no\" type=\"full_width\" angled_section=\"no\" text_align=\"left\" background_image_as_pattern=\"without_pattern\" padding_top=\"5\" padding_bottom=\"5\"][vc_column width=\"1\/2\"]<div class=\"\"><span class=\"wpcf7-form-control-wrap\" data-name=\"aadress\"><input size=\"40\" maxlength=\"400\" class=\"wpcf7-form-control wpcf7-text\" aria-invalid=\"false\" placeholder=\"Osoite\" value=\"\" type=\"text\" name=\"aadress\" \/><\/span><\/div>[\/vc_column][vc_column width=\"1\/2\"]<div class=\"\"><span class=\"wpcf7-form-control-wrap\" data-name=\"telefon\"><input size=\"40\" maxlength=\"400\" class=\"wpcf7-form-control wpcf7-text\" aria-invalid=\"false\" placeholder=\"Puhelinnumero\" value=\"\" type=\"text\" name=\"telefon\" \/><\/span><\/div>[\/vc_column][\/vc_row][vc_row css_animation=\"\" row_type=\"row\" use_row_as_full_screen_section=\"no\" type=\"full_width\" angled_section=\"no\" text_align=\"left\" background_image_as_pattern=\"without_pattern\" padding_top=\"5\" padding_bottom=\"5\"][vc_column]<div class=\"\"><span class=\"wpcf7-form-control-wrap\" data-name=\"markused\"><textarea cols=\"40\" rows=\"10\" maxlength=\"2000\" class=\"wpcf7-form-control wpcf7-textarea\" aria-invalid=\"false\" placeholder=\"Kommentit\" name=\"markused\"><\/textarea><\/span><\/div>[\/vc_column][\/vc_row][vc_row css_animation=\"\" row_type=\"row\" use_row_as_full_screen_section=\"no\" type=\"full_width\" angled_section=\"no\" text_align=\"left\" background_image_as_pattern=\"without_pattern\" padding_top=\"5\" padding_bottom=\"5\"][vc_column]<div class=\"\">\n<\/div><div class=\"\"><input class=\"wpcf7-form-control wpcf7-submit has-spinner\" type=\"submit\" value=\"L\u00e4het\u00e4\" \/><\/div>[\/vc_column][\/vc_row]\n<\/p><p style=\"display: none !important;\" class=\"akismet-fields-container\" data-prefix=\"_wpcf7_ak_\"><label>&#916;<textarea name=\"_wpcf7_ak_hp_textarea\" cols=\"45\" rows=\"8\" maxlength=\"100\"><\/textarea><\/label><input type=\"hidden\" id=\"ak_js_1\" name=\"_wpcf7_ak_js\" value=\"136\"\/><script>document.getElementById( \"ak_js_1\" ).setAttribute( \"value\", ( new Date() ).getTime() );<\/script><\/p><div class=\"wpcf7-response-output\" aria-hidden=\"true\"><\/div>\n<\/form>\n<\/div>\n<style><\/style>[\/vc_column][\/vc_row][vc_row css_animation=&#8221;&#8221; row_type=&#8221;row&#8221; use_row_as_full_screen_section=&#8221;no&#8221; type=&#8221;full_width&#8221; angled_section=&#8221;no&#8221; text_align=&#8221;left&#8221; background_image_as_pattern=&#8221;without_pattern&#8221;][vc_column][vc_separator type=&#8221;transparent&#8221; thickness=&#8221;50&#8243;][\/vc_column][\/vc_row]<\/p>\n<\/div>","protected":false},"excerpt":{"rendered":"<p>[vc_row css_animation=&#8221;&#8221; row_type=&#8221;row&#8221; use_row_as_full_screen_section=&#8221;no&#8221; type=&#8221;full_width&#8221; angled_section=&#8221;no&#8221; text_align=&#8221;left&#8221; background_image_as_pattern=&#8221;without_pattern&#8221; padding_bottom=&#8221;50&#8243;][vc_column][vc_column_text] Manuaalivaihteistojen myynti ja korjaus [\/vc_column_text][vc_separator type=&#8221;transparent&#8221; thickness=&#8221;15&#8243;][vc_row_inner row_type=&#8221;row&#8221; type=&#8221;full_width&#8221; text_align=&#8221;left&#8221; css_animation=&#8221;&#8221;][vc_column_inner width=&#8221;2\/3&#8243;][vc_column_text]Tehdaskunnostettujen manuaalivaihteistojen myynti Renault, Citroen, Opel, Mercedez-Benz, Nissan, Peugeot, Ford, Fiat, Volkswagen -pakettiautoille. Manuaalivaihteistoille annetaan 1 vuoden tehdastakuu (ilman kilometrirajaa). Myymme, korjaamme ja kunnostamme pakettiautojen&#8230;<\/p>\n","protected":false},"author":1,"featured_media":0,"parent":0,"menu_order":0,"comment_status":"closed","ping_status":"closed","template":"","meta":{"footnotes":""},"class_list":["post-16278","page","type-page","status-publish","hentry"],"_links":{"self":[{"href":"https:\/\/www.autojupid.ee\/fi\/wp-json\/wp\/v2\/pages\/16278","targetHints":{"allow":["GET"]}}],"collection":[{"href":"https:\/\/www.autojupid.ee\/fi\/wp-json\/wp\/v2\/pages"}],"about":[{"href":"https:\/\/www.autojupid.ee\/fi\/wp-json\/wp\/v2\/types\/page"}],"author":[{"embeddable":true,"href":"https:\/\/www.autojupid.ee\/fi\/wp-json\/wp\/v2\/users\/1"}],"replies":[{"embeddable":true,"href":"https:\/\/www.autojupid.ee\/fi\/wp-json\/wp\/v2\/comments?post=16278"}],"version-history":[{"count":2,"href":"https:\/\/www.autojupid.ee\/fi\/wp-json\/wp\/v2\/pages\/16278\/revisions"}],"predecessor-version":[{"id":16284,"href":"https:\/\/www.autojupid.ee\/fi\/wp-json\/wp\/v2\/pages\/16278\/revisions\/16284"}],"wp:attachment":[{"href":"https:\/\/www.autojupid.ee\/fi\/wp-json\/wp\/v2\/media?parent=16278"}],"curies":[{"name":"wp","href":"https:\/\/api.w.org\/{rel}","templated":true}]}}