{"id":16319,"date":"2013-10-16T12:05:38","date_gmt":"2013-10-16T12:05:38","guid":{"rendered":"https:\/\/www.autojupid.ee\/fi\/kontakt\/"},"modified":"2017-11-30T19:12:30","modified_gmt":"2017-11-30T19:12:30","slug":"ota-yhteytta","status":"publish","type":"page","link":"https:\/\/www.autojupid.ee\/fi\/ota-yhteytta\/","title":{"rendered":"Ota yhteytt\u00e4"},"content":{"rendered":"<div class=\"wpb-content-wrapper\"><p>[vc_row css_animation=&#8221;&#8221; row_type=&#8221;row&#8221; use_row_as_full_screen_section=&#8221;no&#8221; type=&#8221;full_width&#8221; angled_section=&#8221;no&#8221; text_align=&#8221;left&#8221; background_image_as_pattern=&#8221;without_pattern&#8221;][vc_column width=&#8221;1\/2&#8243;][vc_separator type=&#8221;transparent&#8221; up=&#8221;6&#8243; down=&#8221;6&#8243;][vc_column_text]<strong>Autojupid.ee O\u00dc<\/strong><br \/>\nYrityksen numero 12572486<br \/>\nJaama \u200e143, 50705,\u00a0Tartu<br \/>\nGSM: (+372) 51 944 555 Turbo<br \/>\nGSM: (+372) 51 911 555 Ohjauspy\u00f6r\u00e4t<br \/>\nS\u00e4hk\u00f6posti: info@autojupid.ee\u00a0<small><br \/>\n<\/small><\/p>\n<p>&nbsp;<\/p>\n<p>Aukioloajat:<br \/>\nE \u2013 R 09.00 \u2013 17.00[\/vc_column_text][vc_separator type=&#8221;transparent&#8221; up=&#8221;6&#8243; down=&#8221;6&#8243;][vc_raw_html]JTNDaWZyYW1lJTIwc3JjJTNEJTIyaHR0cHMlM0ElMkYlMkZ3d3cuZ29vZ2xlLmNvbSUyRm1hcHMlMkZlbWJlZCUzRnBiJTNEJTIxMW0xOCUyMTFtMTIlMjExbTMlMjExZDIwOTEuNzcxMzU2MDkxMjQzJTIxMmQyNi43NTM5OTcwMTU3NzExNDQlMjEzZDU4LjM4MDM5Mjc5Mzc4MTklMjEybTMlMjExZjAlMjEyZjAlMjEzZjAlMjEzbTIlMjExaTEwMjQlMjEyaTc2OCUyMTRmMTMuMSUyMTNtMyUyMTFtMiUyMTFzMHg0NmViMzZjZTM1YmQ5ZGExJTI1M0EweGIzNzNhMzk0YThmMGVjMDUlMjEyc0phYW1hJTJCMTQzJTI1MkMlMkI1MDcwNSUyQlRhcnR1JTIxNWUwJTIxM20yJTIxMXNldCUyMTJzZWUlMjE0djE1MDgyNTA4MDQ3NzYlMjIlMjB3aWR0aCUzRCUyMjUwMCUyMiUyMGhlaWdodCUzRCUyMjQwMCUyMiUyMGZyYW1lYm9yZGVyJTNEJTIyMCUyMiUyMHN0eWxlJTNEJTIyYm9yZGVyJTNBMCUyMiUyMGFsbG93ZnVsbHNjcmVlbiUzRSUzQyUyRmlmcmFtZSUzRQ==[\/vc_raw_html][\/vc_column][vc_column width=&#8221;1\/2&#8243;][vc_single_image image=&#8221;16192&#8243; img_size=&#8221;full&#8221; alignment=&#8221;center&#8221; qode_css_animation=&#8221;&#8221;][vc_separator type=&#8221;transparent&#8221; up=&#8221;6&#8243; down=&#8221;6&#8243;]\n<div class=\"wpcf7 no-js\" id=\"wpcf7-f16324-o1\" lang=\"et\" dir=\"ltr\" data-wpcf7-id=\"16324\">\n<div class=\"screen-reader-response\"><p role=\"status\" aria-live=\"polite\" aria-atomic=\"true\"><\/p> <ul><\/ul><\/div>\n<form action=\"\/fi\/wp-json\/wp\/v2\/pages\/16319#wpcf7-f16324-o1\" method=\"post\" class=\"wpcf7-form init default\" aria-label=\"Contact form\" novalidate=\"novalidate\" data-status=\"init\">\n<fieldset class=\"hidden-fields-container\"><input type=\"hidden\" name=\"_wpcf7\" value=\"16324\" \/><input type=\"hidden\" name=\"_wpcf7_version\" value=\"6.1.5\" \/><input type=\"hidden\" name=\"_wpcf7_locale\" value=\"et\" \/><input type=\"hidden\" name=\"_wpcf7_unit_tag\" value=\"wpcf7-f16324-o1\" \/><input type=\"hidden\" name=\"_wpcf7_container_post\" value=\"0\" \/><input type=\"hidden\" name=\"_wpcf7_posted_data_hash\" value=\"\" \/><input type=\"hidden\" name=\"_wpcf7_recaptcha_response\" value=\"\" \/>\n<\/fieldset>\n<p>[vc_row css_animation=\"\" row_type=\"row\" use_row_as_full_screen_section=\"no\" type=\"full_width\" angled_section=\"no\" text_align=\"left\" background_image_as_pattern=\"without_pattern\" padding_top=\"5\" padding_bottom=\"5\"][vc_column width=\"1\/2\"]<div class=\"\"><span class=\"wpcf7-form-control-wrap\" data-name=\"smark\"><input size=\"40\" maxlength=\"400\" class=\"wpcf7-form-control wpcf7-text wpcf7-validates-as-required\" aria-required=\"true\" aria-invalid=\"false\" placeholder=\"S\u00f5iduki mark\" value=\"\" type=\"text\" name=\"smark\" \/><\/span><\/div>[\/vc_column][vc_column width=\"1\/2\"]<div class=\"\"><span class=\"wpcf7-form-control-wrap\" data-name=\"smudel\"><input size=\"40\" maxlength=\"400\" class=\"wpcf7-form-control wpcf7-text wpcf7-validates-as-required\" aria-required=\"true\" aria-invalid=\"false\" placeholder=\"S\u00f5iduki mudel\" value=\"\" type=\"text\" name=\"smudel\" \/><\/span><\/div>[\/vc_column][\/vc_row][vc_row css_animation=\"\" row_type=\"row\" use_row_as_full_screen_section=\"no\" type=\"full_width\" angled_section=\"no\" text_align=\"left\" background_image_as_pattern=\"without_pattern\" padding_top=\"5\" padding_bottom=\"5\"][vc_column width=\"1\/2\"]<div class=\"\"><span class=\"wpcf7-form-control-wrap\" data-name=\"aasta\"><input size=\"40\" maxlength=\"400\" class=\"wpcf7-form-control wpcf7-text wpcf7-validates-as-required\" aria-required=\"true\" aria-invalid=\"false\" placeholder=\"Aasta\" value=\"\" type=\"text\" name=\"aasta\" \/><\/span><\/div>[\/vc_column][vc_column width=\"1\/2\"]<div class=\"\"><span class=\"wpcf7-form-control-wrap\" data-name=\"skub\"><input size=\"40\" maxlength=\"400\" class=\"wpcf7-form-control wpcf7-text\" aria-invalid=\"false\" placeholder=\"Mootori kubatuur (cm\u00b3)\" value=\"\" type=\"text\" name=\"skub\" \/><\/span><\/div>[\/vc_column][\/vc_row][vc_row css_animation=\"\" row_type=\"row\" use_row_as_full_screen_section=\"no\" type=\"full_width\" angled_section=\"no\" text_align=\"left\" background_image_as_pattern=\"without_pattern\" padding_top=\"5\" padding_bottom=\"5\"][vc_column width=\"1\/2\"]<div class=\"\"><span class=\"wpcf7-form-control-wrap\" data-name=\"mvoimsus\"><input size=\"40\" maxlength=\"400\" class=\"wpcf7-form-control wpcf7-text\" aria-invalid=\"false\" placeholder=\"Mootori v\u00f5imsus (kW)\" value=\"\" type=\"text\" name=\"mvoimsus\" \/><\/span><\/div>[\/vc_column][vc_column width=\"1\/2\"]<div class=\"\"><span class=\"wpcf7-form-control-wrap\" data-name=\"mtahis\"><input size=\"40\" maxlength=\"400\" class=\"wpcf7-form-control wpcf7-text\" aria-invalid=\"false\" placeholder=\"Mootori t\u00e4his\" value=\"\" type=\"text\" name=\"mtahis\" \/><\/span><\/div>[\/vc_column][\/vc_row][vc_row css_animation=\"\" row_type=\"row\" use_row_as_full_screen_section=\"no\" type=\"full_width\" angled_section=\"no\" text_align=\"left\" background_image_as_pattern=\"without_pattern\" padding_top=\"5\" padding_bottom=\"5\"][vc_column width=\"1\/2\"]<div class=\"\"><span class=\"wpcf7-form-control-wrap\" data-name=\"kytus\"><input size=\"40\" maxlength=\"400\" class=\"wpcf7-form-control wpcf7-text\" aria-invalid=\"false\" placeholder=\"K\u00fctus\" value=\"\" type=\"text\" name=\"kytus\" \/><\/span><\/div>[\/vc_column][vc_column width=\"1\/2\"]<div class=\"\"><span class=\"wpcf7-form-control-wrap\" data-name=\"rek\"><input size=\"40\" maxlength=\"400\" class=\"wpcf7-form-control wpcf7-text\" aria-invalid=\"false\" placeholder=\"Auto reg. number\" value=\"\" type=\"text\" name=\"rek\" \/><\/span><\/div>[\/vc_column][\/vc_row][vc_row css_animation=\"\" row_type=\"row\" use_row_as_full_screen_section=\"no\" type=\"full_width\" angled_section=\"no\" text_align=\"left\" background_image_as_pattern=\"without_pattern\" padding_top=\"5\" padding_bottom=\"5\"][vc_column]<div class=\"\"><span class=\"wpcf7-form-control-wrap\" data-name=\"detail\"><textarea cols=\"40\" rows=\"10\" maxlength=\"2000\" class=\"wpcf7-form-control wpcf7-textarea\" aria-invalid=\"false\" placeholder=\"Otsitavad detailid\" name=\"detail\"><\/textarea><\/span><\/div>[\/vc_column][\/vc_row][vc_row css_animation=\"\" row_type=\"row\" use_row_as_full_screen_section=\"no\" type=\"full_width\" angled_section=\"no\" text_align=\"left\" background_image_as_pattern=\"without_pattern\" padding_top=\"5\" padding_bottom=\"5\"][vc_column width=\"1\/2\"]<div class=\"\"><span class=\"wpcf7-form-control-wrap\" data-name=\"nimi\"><input size=\"40\" maxlength=\"400\" class=\"wpcf7-form-control wpcf7-text wpcf7-validates-as-required\" aria-required=\"true\" aria-invalid=\"false\" placeholder=\"Teie nimi\" value=\"\" type=\"text\" name=\"nimi\" \/><\/span><\/div>[\/vc_column][vc_column width=\"1\/2\"]<div class=\"\"><span class=\"wpcf7-form-control-wrap\" data-name=\"email\"><input size=\"40\" maxlength=\"400\" class=\"wpcf7-form-control wpcf7-email wpcf7-validates-as-required wpcf7-text wpcf7-validates-as-email\" aria-required=\"true\" aria-invalid=\"false\" placeholder=\"Teie email\" value=\"\" type=\"email\" name=\"email\" \/><\/span><\/div>[\/vc_column][\/vc_row][vc_row css_animation=\"\" row_type=\"row\" use_row_as_full_screen_section=\"no\" type=\"full_width\" angled_section=\"no\" text_align=\"left\" background_image_as_pattern=\"without_pattern\" padding_top=\"5\" padding_bottom=\"5\"][vc_column width=\"1\/2\"]<div class=\"\"><span class=\"wpcf7-form-control-wrap\" data-name=\"aadress\"><input size=\"40\" maxlength=\"400\" class=\"wpcf7-form-control wpcf7-text\" aria-invalid=\"false\" placeholder=\"Teie aadress\" value=\"\" type=\"text\" name=\"aadress\" \/><\/span><\/div>[\/vc_column][vc_column width=\"1\/2\"]<div class=\"\"><span class=\"wpcf7-form-control-wrap\" data-name=\"telefon\"><input size=\"40\" maxlength=\"400\" class=\"wpcf7-form-control wpcf7-text\" aria-invalid=\"false\" placeholder=\"Teie telefon\" value=\"\" type=\"text\" name=\"telefon\" \/><\/span><\/div>[\/vc_column][\/vc_row][vc_row css_animation=\"\" row_type=\"row\" use_row_as_full_screen_section=\"no\" type=\"full_width\" angled_section=\"no\" text_align=\"left\" background_image_as_pattern=\"without_pattern\" padding_top=\"5\" padding_bottom=\"5\"][vc_column]<div class=\"\"><span class=\"wpcf7-form-control-wrap\" data-name=\"markused\"><textarea cols=\"40\" rows=\"10\" maxlength=\"2000\" class=\"wpcf7-form-control wpcf7-textarea\" aria-invalid=\"false\" placeholder=\"M\u00e4rkused\" name=\"markused\"><\/textarea><\/span><\/div>[\/vc_column][\/vc_row][vc_row css_animation=\"\" row_type=\"row\" use_row_as_full_screen_section=\"no\" type=\"full_width\" angled_section=\"no\" text_align=\"left\" background_image_as_pattern=\"without_pattern\" padding_top=\"5\" padding_bottom=\"5\"][vc_column][vc_separator type=\"transparent\" thickness=\"15\"]<div class=\"\"><span class=\"wpcf7-form-control-wrap kc_captcha\" data-name=\"kc_captcha\"><span class=\"wpcf7-form-control wpcf7-radio\"><span class=\"captcha-image\" ><span class=\"cf7ic_instructions\">Please prove you are human by selecting the<span> tree<\/span>.<\/span><label><input aria-label=\"1\" type=\"radio\" name=\"kc_captcha\" value=\"bot\" \/><svg aria-hidden=\"true\" role=\"img\" xmlns=\"http:\/\/www.w3.org\/2000\/svg\" viewBox=\"0 0 576 512\"><path fill=\"currentColor\" d=\"M259 18l-65 132-146 22c-26 3-37 36-18 54l106 103-25 146c-5 26 23 46 46 33l131-68 131 68c23 13 51-7 46-33l-25-146 106-103c19-18 8-51-18-54l-146-22-65-132a32 32 0 00-58 0z\"\/><\/svg><\/label><label><input aria-label=\"2\" type=\"radio\" name=\"kc_captcha\" value=\"bot\" \/><svg aria-hidden=\"true\" role=\"img\" xmlns=\"http:\/\/www.w3.org\/2000\/svg\" viewBox=\"0 0 640 512\"><path fill=\"currentColor\" d=\"M624 352h-16V244c0-13-5-25-14-34L494 110c-9-9-21-14-34-14h-44V48c0-26-21-48-48-48H48C22 0 0 22 0 48v320c0 27 22 48 48 48h16a96 96 0 00192 0h128a96 96 0 00192 0h48c9 0 16-7 16-16v-32c0-9-7-16-16-16zM160 464a48 48 0 110-96 48 48 0 010 96zm320 0a48 48 0 110-96 48 48 0 010 96zm80-208H416V144h44l100 100v12z\"\/><\/svg><\/label><label><input aria-label=\"3\" type=\"radio\" name=\"kc_captcha\" value=\"kc_human\" \/><svg aria-hidden=\"true\" role=\"img\" xmlns=\"http:\/\/www.w3.org\/2000\/svg\" viewBox=\"0 0 384 512\"><path fill=\"currentColor\" d=\"M377 375l-83-87h34c21 0 32-25 17-40l-82-88h33c21 0 32-25 18-40L210 8c-10-11-26-11-36 0L70 120c-14 15-3 40 18 40h33l-82 88c-15 15-4 40 17 40h34L7 375c-15 16-4 41 17 41h120c0 33-11 49-34 68-12 9-5 28 10 28h144c15 0 22-19 10-28-20-16-34-32-34-68h120c21 0 32-25 17-41z\"\/><\/svg><\/label>\r\n    <\/span>\r\n    <span style=\"display:none\">\r\n        <input type=\"text\" name=\"kc_honeypot\">\r\n    <\/span><\/span><\/span><\/div><div class=\"\"><input class=\"wpcf7-form-control wpcf7-submit has-spinner\" type=\"submit\" value=\"Saada\" \/><\/div>[\/vc_column][\/vc_row]\n<\/p><p style=\"display: none !important;\" class=\"akismet-fields-container\" data-prefix=\"_wpcf7_ak_\"><label>&#916;<textarea name=\"_wpcf7_ak_hp_textarea\" cols=\"45\" rows=\"8\" maxlength=\"100\"><\/textarea><\/label><input type=\"hidden\" id=\"ak_js_1\" name=\"_wpcf7_ak_js\" value=\"5\"\/><script>document.getElementById( \"ak_js_1\" ).setAttribute( \"value\", ( new Date() ).getTime() );<\/script><\/p><div class=\"wpcf7-response-output\" aria-hidden=\"true\"><\/div>\n<\/form>\n<\/div>\n<style><\/style>[\/vc_column][\/vc_row]<\/p>\n<\/div>","protected":false},"excerpt":{"rendered":"<p>[vc_row css_animation=&#8221;&#8221; row_type=&#8221;row&#8221; use_row_as_full_screen_section=&#8221;no&#8221; type=&#8221;full_width&#8221; angled_section=&#8221;no&#8221; text_align=&#8221;left&#8221; background_image_as_pattern=&#8221;without_pattern&#8221;][vc_column width=&#8221;1\/2&#8243;][vc_separator type=&#8221;transparent&#8221; up=&#8221;6&#8243; down=&#8221;6&#8243;][vc_column_text]Autojupid.ee O\u00dc Yrityksen numero 12572486 Jaama \u200e143, 50705,\u00a0Tartu GSM: (+372) 51 944 555 Turbo GSM: (+372) 51 911 555 Ohjauspy\u00f6r\u00e4t S\u00e4hk\u00f6posti: info@autojupid.ee\u00a0 &nbsp; Aukioloajat: E \u2013 R 09.00 \u2013 17.00[\/vc_column_text][vc_separator type=&#8221;transparent&#8221; up=&#8221;6&#8243; down=&#8221;6&#8243;][vc_raw_html]JTNDaWZyYW1lJTIwc3JjJTNEJTIyaHR0cHMlM0ElMkYlMkZ3d3cuZ29vZ2xlLmNvbSUyRm1hcHMlMkZlbWJlZCUzRnBiJTNEJTIxMW0xOCUyMTFtMTIlMjExbTMlMjExZDIwOTEuNzcxMzU2MDkxMjQzJTIxMmQyNi43NTM5OTcwMTU3NzExNDQlMjEzZDU4LjM4MDM5Mjc5Mzc4MTklMjEybTMlMjExZjAlMjEyZjAlMjEzZjAlMjEzbTIlMjExaTEwMjQlMjEyaTc2OCUyMTRmMTMuMSUyMTNtMyUyMTFtMiUyMTFzMHg0NmViMzZjZTM1YmQ5ZGExJTI1M0EweGIzNzNhMzk0YThmMGVjMDUlMjEyc0phYW1hJTJCMTQzJTI1MkMlMkI1MDcwNSUyQlRhcnR1JTIxNWUwJTIxM20yJTIxMXNldCUyMTJzZWUlMjE0djE1MDgyNTA4MDQ3NzYlMjIlMjB3aWR0aCUzRCUyMjUwMCUyMiUyMGhlaWdodCUzRCUyMjQwMCUyMiUyMGZyYW1lYm9yZGVyJTNEJTIyMCUyMiUyMHN0eWxlJTNEJTIyYm9yZGVyJTNBMCUyMiUyMGFsbG93ZnVsbHNjcmVlbiUzRSUzQyUyRmlmcmFtZSUzRQ==[\/vc_raw_html][\/vc_column][vc_column width=&#8221;1\/2&#8243;][vc_single_image&#8230;<\/p>\n","protected":false},"author":1,"featured_media":0,"parent":0,"menu_order":0,"comment_status":"open","ping_status":"open","template":"contact-page.php","meta":{"footnotes":""},"class_list":["post-16319","page","type-page","status-publish","hentry"],"_links":{"self":[{"href":"https:\/\/www.autojupid.ee\/fi\/wp-json\/wp\/v2\/pages\/16319","targetHints":{"allow":["GET"]}}],"collection":[{"href":"https:\/\/www.autojupid.ee\/fi\/wp-json\/wp\/v2\/pages"}],"about":[{"href":"https:\/\/www.autojupid.ee\/fi\/wp-json\/wp\/v2\/types\/page"}],"author":[{"embeddable":true,"href":"https:\/\/www.autojupid.ee\/fi\/wp-json\/wp\/v2\/users\/1"}],"replies":[{"embeddable":true,"href":"https:\/\/www.autojupid.ee\/fi\/wp-json\/wp\/v2\/comments?post=16319"}],"version-history":[{"count":2,"href":"https:\/\/www.autojupid.ee\/fi\/wp-json\/wp\/v2\/pages\/16319\/revisions"}],"predecessor-version":[{"id":16330,"href":"https:\/\/www.autojupid.ee\/fi\/wp-json\/wp\/v2\/pages\/16319\/revisions\/16330"}],"wp:attachment":[{"href":"https:\/\/www.autojupid.ee\/fi\/wp-json\/wp\/v2\/media?parent=16319"}],"curies":[{"name":"wp","href":"https:\/\/api.w.org\/{rel}","templated":true}]}}