{"id":16162,"date":"2014-05-20T07:51:11","date_gmt":"2014-05-20T07:51:11","guid":{"rendered":"https:\/\/www.autojupid.ee\/home\/?lang=sv"},"modified":"2017-11-30T19:53:35","modified_gmt":"2017-11-30T19:53:35","slug":"home","status":"publish","type":"page","link":"https:\/\/www.autojupid.ee\/sv\/","title":{"rendered":"Home"},"content":{"rendered":"<div class=\"wpb-content-wrapper\"><p>[vc_row css_animation=&#8221;&#8221; row_type=&#8221;row&#8221; use_row_as_full_screen_section=&#8221;no&#8221; type=&#8221;grid&#8221; angled_section=&#8221;no&#8221; text_align=&#8221;left&#8221; background_image_as_pattern=&#8221;without_pattern&#8221; background_color=&#8221;#ffffff&#8221; padding_top=&#8221;42&#8243;][vc_column]<div class=\"custom_font_holder \" style=\"font-family: Lato; font-style: normal; font-weight: 900; text-decoration: none; text-align: left; --qode-cf-font-size: 34px; --qode-cf-line-height: 40px; --qode-cf-font-size-1440: 34px; --qode-cf-line-height-1440: 40px; --qode-cf-font-size-1366: 34px; --qode-cf-line-height-1366: 40px; --qode-cf-font-size-1280: 34px; --qode-cf-line-height-1280: 40px; --qode-cf-font-size-1024: 34px; --qode-cf-line-height-1024: 40px; --qode-cf-font-size-768: 34px; --qode-cf-line-height-768: 40px; --qode-cf-font-size-680: 34px; --qode-cf-line-height-680: 40px; --qode-cf-font-size-480: 34px; --qode-cf-line-height-480: 40px;\">V\u00e5r viktigaste inriktning \u00e4r f\u00f6rs\u00e4ljning av renoverade och nya reservdelar. Vi beg\u00e4r den gamla reservdelen som inbyte.<\/div>[vc_separator type=&#8221;small&#8221; position=&#8221;left&#8221; up=&#8221;22&#8243; down=&#8221;22&#8243;]<div class=\"custom_font_holder \" style=\"font-family: Lato; font-style: normal; font-weight: 900; text-decoration: none; text-align: left; --qode-cf-font-size: 34px; --qode-cf-line-height: 40px; --qode-cf-font-size-1440: 34px; --qode-cf-line-height-1440: 40px; --qode-cf-font-size-1366: 34px; --qode-cf-line-height-1366: 40px; --qode-cf-font-size-1280: 34px; --qode-cf-line-height-1280: 40px; --qode-cf-font-size-1024: 34px; --qode-cf-line-height-1024: 40px; --qode-cf-font-size-768: 34px; --qode-cf-line-height-768: 40px; --qode-cf-font-size-680: 34px; --qode-cf-line-height-680: 40px; --qode-cf-font-size-480: 34px; --qode-cf-line-height-480: 40px;\">Dessutom erbjuder vi renovering av kundens turboaggregat, kuggst\u00e5ng eller manuella v\u00e4xell\u00e5da. Fr\u00e5ga om offert!<\/div>[vc_separator type=&#8221;small&#8221; position=&#8221;left&#8221; up=&#8221;42&#8243; down=&#8221;42&#8243;][\/vc_column][\/vc_row][vc_row css_animation=&#8221;&#8221; row_type=&#8221;row&#8221; use_row_as_full_screen_section=&#8221;no&#8221; type=&#8221;full_width&#8221; angled_section=&#8221;no&#8221; text_align=&#8221;left&#8221; background_image_as_pattern=&#8221;without_pattern&#8221;][vc_column][vc_column_text]<\/p>\n<p>[\/vc_column_text][\/vc_column][\/vc_row][vc_row css_animation=&#8221;&#8221; row_type=&#8221;row&#8221; use_row_as_full_screen_section=&#8221;no&#8221; type=&#8221;grid&#8221; anchor=&#8221;turbod&#8221; angled_section=&#8221;no&#8221; text_align=&#8221;left&#8221; background_image_as_pattern=&#8221;without_pattern&#8221; background_color=&#8221;#ffffff&#8221; padding_top=&#8221;24&#8243; padding_bottom=&#8221;25&#8243;][vc_column width=&#8221;1\/2&#8243;][vc_separator type=&#8221;transparent&#8221; up=&#8221;42&#8243; down=&#8221;0&#8243;][vc_column_text]<\/p>\n<h2>F\u00f6rs\u00e4ljning och renovering av fabriksrenoverade turboaggregat<\/h2>\n<p>[\/vc_column_text][vc_separator type=&#8221;transparent&#8221; up=&#8221;0&#8243; down=&#8221;12&#8243;][vc_column_text]<\/p>\n<div dir=\"auto\">\n<p>F\u00f6rs\u00e4ljning av nya och renoverade turbokompressorer (den gamla enheten beg\u00e4rs som inbyte). Vi ger 1 \u00e5rs fabriksgaranti p\u00e5 turboaggregat (utan begr\u00e4nsning f\u00f6r m\u00e4tarst\u00e4llning).<\/p>\n<p>Dessutom renoverar vi turboaggregat f\u00f6r s\u00e5v\u00e4l personbilar, lastbilar och specialmaskiner. Tveka inte att fr\u00e5ga om offert!<\/p>\n<p>Turbokompressorer har 1 \u00e5rs fabriksgaranti utan begr\u00e4nsning f\u00f6r m\u00e4tarst\u00e4llning. Renovering av turboaggregat, renovering av turbokompressorer \u2013 vi renoverar turboenheter f\u00f6r personbilar, lastbilar och specialmaskiner, tveka inte att fr\u00e5ga om offert.<\/p>\n<p>Vid \u00f6nskem\u00e5l genomf\u00f6r vi GRATIS sakkunnigkontroll p\u00e5 ej fungerande turboaggregat eller defekta turbokompressorer f\u00f6r att ta reda p\u00e5 grundorsaken till felet. Detta s\u00e4kerst\u00e4ller att samma fel inte f\u00f6rekommer hos den nya turbon.<\/p>\n<\/div>\n<p>[\/vc_column_text][vc_separator type=&#8221;transparent&#8221; thickness=&#8221;15&#8243;]<a  itemprop=\"url\" href=\"https:\/\/www.autojupid.ee\/sv\/forsaljning-och-renovering-av-fabriksrenoverade-turboaggregat\/\" target=\"_self\"  class=\"qbutton  medium default\" style=\"background-color: #000000;\">S\u00e4nd en prisf\u00f6rfr\u00e5gan om turbo<\/a>[vc_separator type=&#8221;small&#8221; position=&#8221;left&#8221; up=&#8221;57&#8243; down=&#8221;60&#8243;][\/vc_column][vc_column width=&#8221;1\/2&#8243;][vc_single_image image=&#8221;16055&#8243; img_size=&#8221;full&#8221; alignment=&#8221;center&#8221; qode_css_animation=&#8221;element_from_right&#8221; transition_delay=&#8221;0.6&#8243;][\/vc_column][\/vc_row][vc_row css_animation=&#8221;&#8221; row_type=&#8221;row&#8221; use_row_as_full_screen_section=&#8221;no&#8221; type=&#8221;grid&#8221; anchor=&#8221;latid&#8221; angled_section=&#8221;no&#8221; text_align=&#8221;left&#8221; background_image_as_pattern=&#8221;without_pattern&#8221; background_color=&#8221;#ffffff&#8221; padding_top=&#8221;30&#8243; padding_bottom=&#8221;35&#8243;][vc_column width=&#8221;1\/2&#8243;][vc_single_image image=&#8221;15855&#8243; img_size=&#8221;full&#8221; alignment=&#8221;center&#8221; qode_css_animation=&#8221;element_from_left&#8221; transition_delay=&#8221;0.3&#8243;][\/vc_column][vc_column width=&#8221;1\/2&#8243;][vc_separator type=&#8221;transparent&#8221; up=&#8221;42&#8243; down=&#8221;0&#8243;][vc_column_text]<\/p>\n<h2>F\u00f6rs\u00e4ljning av renoverade, dvs fabriksrenoverade kuggst\u00e4nger<\/h2>\n<p>[\/vc_column_text][vc_separator type=&#8221;transparent&#8221; up=&#8221;0&#8243; down=&#8221;12&#8243;][vc_column_text]F\u00f6rs\u00e4ljning av fabriksrenoverade kuggst\u00e4nger och f\u00f6rs\u00e4ljning av renoverade kuggst\u00e4nger.<\/p>\n<p>Kuggst\u00e4nger har 1 \u00e5rs fabriksgaranti (utan begr\u00e4nsning f\u00f6r m\u00e4tarst\u00e4llning).<\/p>\n<p>Vi reparerar kuggst\u00e4nger och renoverar styrv\u00e4xlar f\u00f6r b\u00e5de person- och pickupbilar.<\/p>\n<p>Tveka inte att fr\u00e5ga om offert![\/vc_column_text][vc_separator type=&#8221;transparent&#8221; thickness=&#8221;15&#8243;]<a  itemprop=\"url\" href=\"https:\/\/www.autojupid.ee\/sv\/forsaljning-av-renoverade-dvs-fabriksrenoverade-kuggstanger\/\" target=\"_self\"  class=\"qbutton  medium default\" style=\"background-color: #000000;\">S\u00e4nd en prisf\u00f6rfr\u00e5gan om kuggst\u00e5ng<\/a>[vc_separator type=&#8221;small&#8221; position=&#8221;left&#8221; up=&#8221;57&#8243; down=&#8221;60&#8243;][\/vc_column][\/vc_row][vc_row css_animation=&#8221;&#8221; row_type=&#8221;row&#8221; use_row_as_full_screen_section=&#8221;no&#8221; type=&#8221;grid&#8221; anchor=&#8221;kastid&#8221; angled_section=&#8221;no&#8221; text_align=&#8221;left&#8221; background_image_as_pattern=&#8221;without_pattern&#8221; background_color=&#8221;#ffffff&#8221; padding_top=&#8221;24&#8243; padding_bottom=&#8221;25&#8243;][vc_column width=&#8221;1\/2&#8243;][vc_separator type=&#8221;transparent&#8221; up=&#8221;42&#8243; down=&#8221;0&#8243;][vc_column_text]<\/p>\n<h2>F\u00f6rs\u00e4ljning och renovering av manuella v\u00e4xell\u00e5dor<\/h2>\n<p>[\/vc_column_text][vc_separator type=&#8221;transparent&#8221; up=&#8221;0&#8243; down=&#8221;12&#8243;][vc_column_text]F\u00f6rs\u00e4ljning av fabriksrenoverade manuella v\u00e4xell\u00e5dor f\u00f6r pickupbilar av Renault, Citroen, Opel, Mercedez-Benz, Nissan, Peugeot, Ford, Fiat, Volkswagen.<\/p>\n<p>Manuella v\u00e4xell\u00e5dor har 1 \u00e5rs fabriksgaranti (utan begr\u00e4nsning f\u00f6r m\u00e4tarst\u00e4llning).<\/p>\n<p>Vi s\u00e4ljer, reparerar och renoverar v\u00e4xell\u00e5dor f\u00f6r pickupbilar.<\/p>\n<p>Tveka inte att fr\u00e5ga om offert \u2013 ring eller s\u00e4nd ett e-postmeddelande.[\/vc_column_text][vc_separator type=&#8221;transparent&#8221; thickness=&#8221;15&#8243;]<a  itemprop=\"url\" href=\"https:\/\/www.autojupid.ee\/sv\/forsaljning-och-renovering-av-manuella-vaxellador\/\" target=\"_self\"  class=\"qbutton  medium default\" style=\"background-color: #000000;\">S\u00e4nd en prisf\u00f6rfr\u00e5gan<\/a>[vc_separator type=&#8221;small&#8221; position=&#8221;left&#8221; up=&#8221;57&#8243; down=&#8221;60&#8243;][\/vc_column][vc_column width=&#8221;1\/2&#8243;][vc_single_image image=&#8221;16035&#8243; img_size=&#8221;full&#8221; alignment=&#8221;center&#8221; qode_css_animation=&#8221;element_from_right&#8221; transition_delay=&#8221;0.6&#8243;][\/vc_column][\/vc_row][vc_row css_animation=&#8221;&#8221; row_type=&#8221;row&#8221; use_row_as_full_screen_section=&#8221;no&#8221; type=&#8221;grid&#8221; anchor=&#8221;mootorid&#8221; angled_section=&#8221;no&#8221; text_align=&#8221;left&#8221; background_image_as_pattern=&#8221;without_pattern&#8221; background_color=&#8221;#ffffff&#8221; padding_top=&#8221;30&#8243; padding_bottom=&#8221;35&#8243;][vc_column width=&#8221;1\/2&#8243;][vc_single_image image=&#8221;16039&#8243; img_size=&#8221;full&#8221; alignment=&#8221;center&#8221; qode_css_animation=&#8221;element_from_left&#8221; transition_delay=&#8221;0.3&#8243;][\/vc_column][vc_column width=&#8221;1\/2&#8243;][vc_separator type=&#8221;transparent&#8221; up=&#8221;42&#8243; down=&#8221;0&#8243;][vc_column_text]<\/p>\n<h2>F\u00f6rs\u00e4ljning av bilmotorer<\/h2>\n<p>[\/vc_column_text][vc_separator type=&#8221;transparent&#8221; up=&#8221;0&#8243; down=&#8221;12&#8243;][vc_column_text]Motorer \u2013 begagnade motorer med kontrollerad historik fr\u00e5n Europa.<\/p>\n<p>Alla produkter har garanti![\/vc_column_text][vc_separator type=&#8221;transparent&#8221; thickness=&#8221;15&#8243;]<a  itemprop=\"url\" href=\"https:\/\/www.autojupid.ee\/sv\/forsaljning-av-bilmotorer\/\" target=\"_self\"  class=\"qbutton  medium default\" style=\"background-color: #000000;\">Fr\u00e5ga om offert!<\/a>[vc_separator type=&#8221;small&#8221; position=&#8221;left&#8221; up=&#8221;57&#8243; down=&#8221;60&#8243;][\/vc_column][\/vc_row][vc_row css_animation=&#8221;&#8221; row_type=&#8221;row&#8221; use_row_as_full_screen_section=&#8221;no&#8221; type=&#8221;grid&#8221; anchor=&#8221;miks&#8221; angled_section=&#8221;no&#8221; text_align=&#8221;left&#8221; background_image_as_pattern=&#8221;without_pattern&#8221; background_color=&#8221;#f9f9f9&#8243; padding_top=&#8221;90&#8243; padding_bottom=&#8221;90&#8243;][vc_column width=&#8221;1\/3&#8243;][vc_column_text]<\/p>\n<h4 style=\"text-align: center;\">12 m\u00e5naders garanti<\/h4>\n<p>[\/vc_column_text][vc_separator type=&#8221;transparent&#8221; thickness=&#8221;25&#8243;][vc_column_text]<\/p>\n<p style=\"text-align: center;\">Alla renoverade enheter s\u00e5lda av Autojupid.ee O\u00dc har 12 m\u00e5naders garanti (utan begr\u00e4nsning f\u00f6r m\u00e4tarst\u00e4llning).<\/p>\n<p>[\/vc_column_text][vc_separator type=&#8221;transparent&#8221; thickness=&#8221;25&#8243;][vc_single_image image=&#8221;16221&#8243; img_size=&#8221;full&#8221; qode_css_animation=&#8221;&#8221;][\/vc_column][vc_column width=&#8221;1\/3&#8243;][vc_column_text]<\/p>\n<h4 style=\"text-align: center;\">Leverans till d\u00f6rren p\u00e5 en dag<\/h4>\n<p>[\/vc_column_text][vc_separator type=&#8221;transparent&#8221; thickness=&#8221;25&#8243;][vc_column_text]<\/p>\n<div class=\"wpb_text_column wpb_content_element \">\n<div class=\"wpb_wrapper\">\n<p style=\"text-align: center;\">Med v\u00e5ra utm\u00e4rkta och l\u00e5ngvariga partners Cargo och DPD kan Du f\u00e5 reservdelen levererad till hemmet, kontoret eller verkstaden p\u00e5 en dag.<\/p>\n<\/div>\n<\/div>\n<p>[\/vc_column_text][vc_separator type=&#8221;transparent&#8221; thickness=&#8221;25&#8243;][vc_single_image image=&#8221;15804&#8243; img_size=&#8221;full&#8221; qode_css_animation=&#8221;&#8221;][\/vc_column][vc_column width=&#8221;1\/3&#8243;][vc_column_text]<\/p>\n<h4 style=\"text-align: center;\">10 \u00e5rs erfarenhet<\/h4>\n<p>[\/vc_column_text][vc_separator type=&#8221;transparent&#8221; thickness=&#8221;25&#8243;][vc_column_text]<\/p>\n<div class=\"wpb_text_column wpb_content_element \">\n<div class=\"wpb_wrapper\">\n<p style=\"text-align: center;\">Vi har arbetat med f\u00f6rs\u00e4ljning av reservdelar i \u00f6ver 10 \u00e5r. Tack vare den l\u00e5nga erfarenheten kan vi erbjuda v\u00e5ra kunder professionella r\u00e5d f\u00f6re k\u00f6pet och individuell service till varje kund f\u00f6r \u00f6msesidig n\u00f6jdhet.<\/p>\n<\/div>\n<\/div>\n<p>[\/vc_column_text][vc_separator type=&#8221;transparent&#8221; thickness=&#8221;25&#8243;][\/vc_column][\/vc_row][vc_row css_animation=&#8221;&#8221; row_type=&#8221;row&#8221; use_row_as_full_screen_section=&#8221;no&#8221; type=&#8221;grid&#8221; angled_section=&#8221;no&#8221; text_align=&#8221;left&#8221; background_image_as_pattern=&#8221;without_pattern&#8221; background_color=&#8221;#000000&#8243; padding_top=&#8221;90&#8243; padding_bottom=&#8221;90&#8243;][vc_column][vc_column_text]<\/p>\n<p style=\"text-align: center; color: #ffffff;\"><strong>Vi kan erbjuda nyckeln i handen-l\u00f6sningar till kunder \u00f6verallt i Estland. Det vill s\u00e4ga att Du best\u00e4ller en reservdel hos oss och den monteras p\u00e5 en kvalificerad verkstad som utf\u00e4rdar Dig en slutgiltig faktura.<\/strong><\/p>\n<p>[\/vc_column_text][\/vc_column][\/vc_row][vc_row css_animation=&#8221;&#8221; row_type=&#8221;row&#8221; use_row_as_full_screen_section=&#8221;no&#8221; type=&#8221;full_width&#8221; angled_section=&#8221;no&#8221; text_align=&#8221;left&#8221; background_image_as_pattern=&#8221;without_pattern&#8221;][vc_column]<div class=\"call_to_action normal\" style=\"\"><div class=\"container_inner\"><div class=\"two_columns_75_25 clearfix\"><div class=\"text_wrapper column1\"><div class=\"call_to_action_text \" style=\"\">S\u00e4nd en reservdelsf\u00f6rfr\u00e5gan och vi \u00e5terkommer inom 24h .<\/div><\/div><div class=\"button_wrapper column2\"><a itemprop=\"url\" href=\"#\" class=\"qbutton white \" target=\"\" style=\"color: #000000;border-color: #ffffff;background-color: #ffffff;\" data-hover-background-color=#000000 data-hover-border-color=#000000 data-hover-color=#ffffff>Reservdelsf\u00f6rfr\u00e5gan<\/a><\/div><\/div><\/div><\/div>[\/vc_column][\/vc_row]<\/p>\n<\/div>","protected":false},"excerpt":{"rendered":"<p>[vc_row css_animation=&#8221;&#8221; row_type=&#8221;row&#8221; use_row_as_full_screen_section=&#8221;no&#8221; type=&#8221;grid&#8221; angled_section=&#8221;no&#8221; text_align=&#8221;left&#8221; background_image_as_pattern=&#8221;without_pattern&#8221; background_color=&#8221;#ffffff&#8221; padding_top=&#8221;42&#8243;][vc_column][vc_separator type=&#8221;small&#8221; position=&#8221;left&#8221; up=&#8221;22&#8243; down=&#8221;22&#8243;][vc_separator type=&#8221;small&#8221; position=&#8221;left&#8221; up=&#8221;42&#8243; down=&#8221;42&#8243;][\/vc_column][\/vc_row][vc_row css_animation=&#8221;&#8221; row_type=&#8221;row&#8221; use_row_as_full_screen_section=&#8221;no&#8221; type=&#8221;full_width&#8221; angled_section=&#8221;no&#8221; text_align=&#8221;left&#8221; background_image_as_pattern=&#8221;without_pattern&#8221;][vc_column][vc_column_text] [\/vc_column_text][\/vc_column][\/vc_row][vc_row css_animation=&#8221;&#8221; row_type=&#8221;row&#8221; use_row_as_full_screen_section=&#8221;no&#8221; type=&#8221;grid&#8221; anchor=&#8221;turbod&#8221; angled_section=&#8221;no&#8221; text_align=&#8221;left&#8221; background_image_as_pattern=&#8221;without_pattern&#8221; background_color=&#8221;#ffffff&#8221; padding_top=&#8221;24&#8243; padding_bottom=&#8221;25&#8243;][vc_column width=&#8221;1\/2&#8243;][vc_separator type=&#8221;transparent&#8221; up=&#8221;42&#8243; down=&#8221;0&#8243;][vc_column_text] F\u00f6rs\u00e4ljning och renovering av&#8230;<\/p>\n","protected":false},"author":1,"featured_media":0,"parent":0,"menu_order":0,"comment_status":"open","ping_status":"open","template":"full_width.php","meta":{"footnotes":""},"class_list":["post-16162","page","type-page","status-publish","hentry"],"_links":{"self":[{"href":"https:\/\/www.autojupid.ee\/sv\/wp-json\/wp\/v2\/pages\/16162","targetHints":{"allow":["GET"]}}],"collection":[{"href":"https:\/\/www.autojupid.ee\/sv\/wp-json\/wp\/v2\/pages"}],"about":[{"href":"https:\/\/www.autojupid.ee\/sv\/wp-json\/wp\/v2\/types\/page"}],"author":[{"embeddable":true,"href":"https:\/\/www.autojupid.ee\/sv\/wp-json\/wp\/v2\/users\/1"}],"replies":[{"embeddable":true,"href":"https:\/\/www.autojupid.ee\/sv\/wp-json\/wp\/v2\/comments?post=16162"}],"version-history":[{"count":8,"href":"https:\/\/www.autojupid.ee\/sv\/wp-json\/wp\/v2\/pages\/16162\/revisions"}],"predecessor-version":[{"id":16384,"href":"https:\/\/www.autojupid.ee\/sv\/wp-json\/wp\/v2\/pages\/16162\/revisions\/16384"}],"wp:attachment":[{"href":"https:\/\/www.autojupid.ee\/sv\/wp-json\/wp\/v2\/media?parent=16162"}],"curies":[{"name":"wp","href":"https:\/\/api.w.org\/{rel}","templated":true}]}}