{"id":16216,"date":"2014-07-03T13:52:05","date_gmt":"2014-07-03T13:52:05","guid":{"rendered":"https:\/\/www.autojupid.ee\/garantii\/?lang=sv"},"modified":"2017-11-30T17:45:11","modified_gmt":"2017-11-30T17:45:11","slug":"garanti-for-reservdelar-som-vi-saljer","status":"publish","type":"page","link":"https:\/\/www.autojupid.ee\/sv\/garanti-for-reservdelar-som-vi-saljer\/","title":{"rendered":"Garanti f\u00f6r reservdelar som vi s\u00e4ljer"},"content":{"rendered":"<div class=\"wpb-content-wrapper\"><p>[vc_row css_animation=&#8221;&#8221; row_type=&#8221;row&#8221; use_row_as_full_screen_section=&#8221;no&#8221; type=&#8221;grid&#8221; anchor=&#8221;portfolio&#8221; angled_section=&#8221;no&#8221; text_align=&#8221;left&#8221; background_image_as_pattern=&#8221;without_pattern&#8221; background_color=&#8221;#ffffff&#8221; padding_top=&#8221;82&#8243; padding_bottom=&#8221;0&#8243;][vc_column width=&#8221;2\/3&#8243;][vc_column_text]<\/p>\n<h2>Garanti f\u00f6r reservdelar som vi s\u00e4ljer<\/h2>\n<p>[\/vc_column_text][vc_separator type=&#8221;transparent&#8221; up=&#8221;20&#8243; down=&#8221;0&#8243;][vc_column_text]Som regel har reservdelar s\u00e5lda av Autojupid.ee O\u00dc 30 dagars garanti fr\u00e5n \u00f6verl\u00e4mnandet av reservdelen till kunden, s\u00e4rskilda \u00f6verenskommelser \u00e4r dock inte uteslutna. Skulle det efter \u00f6verl\u00e4mnandet av reservdelen visa sig att reservdelen inte \u00e4r brukbar byter Autojupid.ee O\u00dc ut den defekta reservdelen snarast m\u00f6jligt. Om byte av reservdelen \u00e4r f\u00f6rsv\u00e5rat ers\u00e4tter Autojupid.ee O\u00dc kunden f\u00f6r reservdelens kostnad.<\/p>\n<p>L\u00e4s mer om garantin p\u00e5 turboaggregat h\u00e4r.<\/p>\n<p>Turboaggregat har 1 \u00e5rs garanti fr\u00e5n \u00f6verl\u00e4mnandet av turbon, f\u00f6rutsatt att de ovan angivna villkoren har efterlevts.<\/p>\n<p>Kuggst\u00e4nger har 1 \u00e5rs garanti.<\/p>\n<p>Se handlingen om \u00f6verl\u00e4mnande av kuggst\u00e4nger h\u00e4r.<\/p>\n<p>Garantin p\u00e5 reservdelar g\u00e4ller inte om reservdelen har monterats ned eller om felen p\u00e5 den beror p\u00e5 kunden. Garantin omfattar inte medf\u00f6ljande kostnader p\u00e5 transport, montering och nedmontering av reservdelen.[\/vc_column_text][vc_separator type=&#8221;transparent&#8221; up=&#8221;28&#8243; down=&#8221;0&#8243;][vc_separator type=&#8221;transparent&#8221; up=&#8221;57&#8243; down=&#8221;0&#8243;][\/vc_column][vc_column width=&#8221;1\/3&#8243;][vc_single_image image=&#8221;16221&#8243; img_size=&#8221;full&#8221; alignment=&#8221;center&#8221; qode_css_animation=&#8221;&#8221;][\/vc_column][\/vc_row][vc_row css_animation=&#8221;&#8221; row_type=&#8221;row&#8221; use_row_as_full_screen_section=&#8221;no&#8221; type=&#8221;grid&#8221; angled_section=&#8221;no&#8221; text_align=&#8221;left&#8221; background_image_as_pattern=&#8221;without_pattern&#8221; background_color=&#8221;#ffffff&#8221;][vc_column][vc_separator type=&#8221;small&#8221; position=&#8221;left&#8221; up=&#8221;0&#8243; down=&#8221;42&#8243;][\/vc_column][\/vc_row]<\/p>\n<\/div>","protected":false},"excerpt":{"rendered":"<p>[vc_row css_animation=&#8221;&#8221; row_type=&#8221;row&#8221; use_row_as_full_screen_section=&#8221;no&#8221; type=&#8221;grid&#8221; anchor=&#8221;portfolio&#8221; angled_section=&#8221;no&#8221; text_align=&#8221;left&#8221; background_image_as_pattern=&#8221;without_pattern&#8221; background_color=&#8221;#ffffff&#8221; padding_top=&#8221;82&#8243; padding_bottom=&#8221;0&#8243;][vc_column width=&#8221;2\/3&#8243;][vc_column_text] Garanti f\u00f6r reservdelar som vi s\u00e4ljer [\/vc_column_text][vc_separator type=&#8221;transparent&#8221; up=&#8221;20&#8243; down=&#8221;0&#8243;][vc_column_text]Som regel har reservdelar s\u00e5lda av Autojupid.ee O\u00dc 30 dagars garanti fr\u00e5n \u00f6verl\u00e4mnandet av reservdelen till kunden, s\u00e4rskilda \u00f6verenskommelser \u00e4r dock inte uteslutna&#8230;.<\/p>\n","protected":false},"author":1,"featured_media":0,"parent":0,"menu_order":0,"comment_status":"open","ping_status":"open","template":"full_width.php","meta":{"footnotes":""},"class_list":["post-16216","page","type-page","status-publish","hentry"],"_links":{"self":[{"href":"https:\/\/www.autojupid.ee\/sv\/wp-json\/wp\/v2\/pages\/16216","targetHints":{"allow":["GET"]}}],"collection":[{"href":"https:\/\/www.autojupid.ee\/sv\/wp-json\/wp\/v2\/pages"}],"about":[{"href":"https:\/\/www.autojupid.ee\/sv\/wp-json\/wp\/v2\/types\/page"}],"author":[{"embeddable":true,"href":"https:\/\/www.autojupid.ee\/sv\/wp-json\/wp\/v2\/users\/1"}],"replies":[{"embeddable":true,"href":"https:\/\/www.autojupid.ee\/sv\/wp-json\/wp\/v2\/comments?post=16216"}],"version-history":[{"count":5,"href":"https:\/\/www.autojupid.ee\/sv\/wp-json\/wp\/v2\/pages\/16216\/revisions"}],"predecessor-version":[{"id":16268,"href":"https:\/\/www.autojupid.ee\/sv\/wp-json\/wp\/v2\/pages\/16216\/revisions\/16268"}],"wp:attachment":[{"href":"https:\/\/www.autojupid.ee\/sv\/wp-json\/wp\/v2\/media?parent=16216"}],"curies":[{"name":"wp","href":"https:\/\/api.w.org\/{rel}","templated":true}]}}