{"id":16234,"date":"2017-09-14T09:12:47","date_gmt":"2017-09-14T09:12:47","guid":{"rendered":"https:\/\/www.autojupid.ee\/liisi-jarelmaks\/?lang=sv"},"modified":"2017-11-30T19:18:53","modified_gmt":"2017-11-30T19:18:53","slug":"liisi-jarelmaks","status":"publish","type":"page","link":"https:\/\/www.autojupid.ee\/sv\/liisi-jarelmaks\/","title":{"rendered":"Liisi j\u00e4relmaks"},"content":{"rendered":"<div class=\"wpb-content-wrapper\"><p>[vc_row css_animation=&#8221;&#8221; row_type=&#8221;row&#8221; use_row_as_full_screen_section=&#8221;no&#8221; type=&#8221;full_width&#8221; angled_section=&#8221;no&#8221; text_align=&#8221;left&#8221; background_image_as_pattern=&#8221;without_pattern&#8221;][vc_column width=&#8221;2\/3&#8243;][vc_column_text]Liisi j\u00e4relmaks aitab Teid vajaliku kauba soetamisel, saades ise valida sobiva sissemakse suuruse ja lepinguperioodi. P\u00e4rast lepingu allkirjastamist v\u00e4ljastatakse Teile sobiv kaup vastavalt kokkulepitud tarneajale.<\/p>\n<p><strong><u>LIISI plussid:<\/u><\/strong><\/p>\n<p>*Liisi j\u00e4relmaksu v\u00f5ivad taotleda k\u00f5ikide pankade kliendid.<\/p>\n<p>*Liisi vastab kiiresti.<\/p>\n<p>*Lepingu s\u00f5lmimine toimub kaupluses.<\/p>\n<p>*Saate endale valida sobiva tagasimakseperioodi.<\/p>\n<p>*Hilisem graafiku muutmine on tasuta.<\/p>\n<p><strong><u>LIISI j\u00e4relmaksu tingimused:\u00a0<\/u><\/strong><\/p>\n<p>*Liisi j\u00e4relmaksu v\u00f5ivad k\u00f5ik v\u00e4hemalt 18-aastased Eesti Vabariigi kodanikud v\u00f5i Eestis alalise elamisloaga inimesed.<\/p>\n<p>*Lepingu kestus 2 kuni 48 kuud.<\/p>\n<p>*Minimaalne ostusumma puudub.<\/p>\n<p>*Lepingutasu on 15EUR.<\/p>\n<p>*Liisi \u00fcldtingimustega saate tutvuda <a href=\"https:\/\/www.liisi.ee\/laenulepingu-uldtingimused\/\">SIIN<\/a><\/p>\n<p>*Teenusepakkuja koduleht www.liisi.ee<\/p>\n<p><strong><u>Kuidas taotleda Liisi j\u00e4relmaksu ?<\/u><\/strong><\/p>\n<p>*Lepingu s\u00f5lmimine toimub kaupluses,<\/p>\n<p>*Kaupmees edastab taotleja andmed Liisile, kes annab otsuse m\u00f5ne minutiga.<\/p>\n<p>*Positiivse otsuse korral vormistatakse laenuleping.<\/p>\n<p><strong>K\u00fcsi julgelt Liisi j\u00e4relmaksu. Alati leiame Teile sobivama lahenduse.\u00a0<\/strong><\/p>\n<p>NB! Teenusepakkujaks on AS Koduliising . Iga laen on finantskohustus. Kaalu oma otsust hoolikalt \u2013 tutvu laenulepingu tingimustega ja vajadusel pea n\u00f5u asjatundjaga. Krediidi kulukuse m\u00e4\u00e4r on 39,40 % j\u00e4rgmistel n\u00e4idistingimustel: kauba\/teenuse maksumus 419 \u20ac, lepingu periood 12 kuud, fikseeritud intressim\u00e4\u00e4r 20 % laenusummalt aastas, krediidisumma 419 \u20ac, maksete kogusumma 499,32 \u20ac ja tagasimaksete summa 499,32 \u20ac.[\/vc_column_text][\/vc_column][vc_column width=&#8221;1\/3&#8243;][vc_column_text]Liisi j\u00e4relmaks[\/vc_column_text][vc_separator type=&#8221;transparent&#8221; thickness=&#8221;25&#8243;][vc_raw_html]JTNDaWZyYW1lJTIwc3R5bGUlM0QlMjJoZWlnaHQlM0EyODBweCUyMiUyMHNyYyUzRCUyMmh0dHAlM0ElMkYlMkZ3d3cubGlpc2kuZWUlMkZjYWxjdWxhdG9yLnBocCUzRnR5cGUlM0RjYWxjX25vX3RleHQlMjIlMjBmcmFtZWJvcmRlciUzRCUyMjAlMjIlMjB3aWR0aCUzRCUyMjEwMCUyNSUyMiUyMHNjcm9sbGluZyUzRCUyMm5vJTIyJTNFJTNDJTJGaWZyYW1lJTNF[\/vc_raw_html][\/vc_column][\/vc_row][vc_row css_animation=&#8221;&#8221; row_type=&#8221;row&#8221; use_row_as_full_screen_section=&#8221;no&#8221; type=&#8221;full_width&#8221; angled_section=&#8221;no&#8221; text_align=&#8221;left&#8221; background_image_as_pattern=&#8221;without_pattern&#8221;][vc_column][vc_separator type=&#8221;transparent&#8221; thickness=&#8221;25&#8243;][vc_column_text]<b>K\u00fcsi julgelt Liisi j\u00e4relmaksu. Leiame alati Sinule sobivaima lahenduse.<\/b>[\/vc_column_text]\n<div class=\"wpcf7 no-js\" id=\"wpcf7-f16027-o1\" lang=\"et\" dir=\"ltr\" data-wpcf7-id=\"16027\">\n<div class=\"screen-reader-response\"><p role=\"status\" aria-live=\"polite\" aria-atomic=\"true\"><\/p> <ul><\/ul><\/div>\n<form action=\"\/sv\/wp-json\/wp\/v2\/pages\/16234#wpcf7-f16027-o1\" method=\"post\" class=\"wpcf7-form init default\" aria-label=\"Contact form\" novalidate=\"novalidate\" data-status=\"init\">\n<fieldset class=\"hidden-fields-container\"><input type=\"hidden\" name=\"_wpcf7\" value=\"16027\" \/><input type=\"hidden\" name=\"_wpcf7_version\" value=\"6.1.5\" \/><input type=\"hidden\" name=\"_wpcf7_locale\" value=\"et\" \/><input type=\"hidden\" name=\"_wpcf7_unit_tag\" value=\"wpcf7-f16027-o1\" \/><input type=\"hidden\" name=\"_wpcf7_container_post\" value=\"0\" \/><input type=\"hidden\" name=\"_wpcf7_posted_data_hash\" value=\"\" \/><input type=\"hidden\" name=\"_wpcf7_recaptcha_response\" value=\"\" \/>\n<\/fieldset>\n<p>Eesnimi<br \/>\n<span class=\"wpcf7-form-control-wrap\" data-name=\"your-name\"><input size=\"40\" maxlength=\"400\" class=\"wpcf7-form-control wpcf7-text wpcf7-validates-as-required\" aria-required=\"true\" aria-invalid=\"false\" value=\"\" type=\"text\" name=\"your-name\" \/><\/span>\n<\/p>\n<p>Perenimi<br \/>\n<span class=\"wpcf7-form-control-wrap\" data-name=\"your-name2\"><input size=\"40\" maxlength=\"400\" class=\"wpcf7-form-control wpcf7-text wpcf7-validates-as-required\" aria-required=\"true\" aria-invalid=\"false\" value=\"\" type=\"text\" name=\"your-name2\" \/><\/span>\n<\/p>\n<p>Isikukood<br \/>\n<span class=\"wpcf7-form-control-wrap\" data-name=\"ikcode\"><input size=\"40\" maxlength=\"400\" class=\"wpcf7-form-control wpcf7-text wpcf7-validates-as-required\" aria-required=\"true\" aria-invalid=\"false\" value=\"\" type=\"text\" name=\"ikcode\" \/><\/span>\n<\/p>\n<p>Elukoht: talu\/k\u00fcla<br \/>\n<span class=\"wpcf7-form-control-wrap\" data-name=\"adress1\"><input size=\"40\" maxlength=\"400\" class=\"wpcf7-form-control wpcf7-text wpcf7-validates-as-required\" aria-required=\"true\" aria-invalid=\"false\" value=\"\" type=\"text\" name=\"adress1\" \/><\/span>\n<\/p>\n<p>Elukoht: t\u00e4nav\/vald<br \/>\n<span class=\"wpcf7-form-control-wrap\" data-name=\"adress2\"><input size=\"40\" maxlength=\"400\" class=\"wpcf7-form-control wpcf7-text wpcf7-validates-as-required\" aria-required=\"true\" aria-invalid=\"false\" value=\"\" type=\"text\" name=\"adress2\" \/><\/span>\n<\/p>\n<p>Elukoht: indeks, linn\/maakond<br \/>\n<span class=\"wpcf7-form-control-wrap\" data-name=\"adress3\"><input size=\"40\" maxlength=\"400\" class=\"wpcf7-form-control wpcf7-text wpcf7-validates-as-required\" aria-required=\"true\" aria-invalid=\"false\" value=\"\" type=\"text\" name=\"adress3\" \/><\/span>\n<\/p>\n<p>E-posti aadress:<br \/>\n<span class=\"wpcf7-form-control-wrap\" data-name=\"your-email\"><input size=\"40\" maxlength=\"400\" class=\"wpcf7-form-control wpcf7-email wpcf7-validates-as-required wpcf7-text wpcf7-validates-as-email\" aria-required=\"true\" aria-invalid=\"false\" value=\"\" type=\"email\" name=\"your-email\" \/><\/span>\n<\/p>\n<p>Kontakttelefon<br \/>\n<span class=\"wpcf7-form-control-wrap\" data-name=\"telefon\"><input size=\"40\" maxlength=\"400\" class=\"wpcf7-form-control wpcf7-text wpcf7-validates-as-required\" aria-required=\"true\" aria-invalid=\"false\" value=\"\" type=\"text\" name=\"telefon\" \/><\/span>\n<\/p>\n<p>T\u00f6\u00f6koht ja amet:<br \/>\n<span class=\"wpcf7-form-control-wrap\" data-name=\"tookoht\"><input size=\"40\" maxlength=\"400\" class=\"wpcf7-form-control wpcf7-text wpcf7-validates-as-required\" aria-required=\"true\" aria-invalid=\"false\" value=\"\" type=\"text\" name=\"tookoht\" \/><\/span>\n<\/p>\n<p>T\u00f6\u00f6tatud aeg:<br \/>\n<span class=\"wpcf7-form-control-wrap\" data-name=\"tooaeg\"><select class=\"wpcf7-form-control wpcf7-select\" aria-invalid=\"false\" name=\"tooaeg\"><option value=\"kuni 6 kuud\">kuni 6 kuud<\/option><option value=\"6 \u2013 24 kuud\">6 \u2013 24 kuud<\/option><option value=\"24 \u2013 60 kuud\">24 \u2013 60 kuud<\/option><option value=\"\u00dcle 60 kuud\">\u00dcle 60 kuud<\/option><option value=\"FIE\">FIE<\/option><option value=\"t\u00f6\u00f6tu\">t\u00f6\u00f6tu<\/option><option value=\"pension\u00e4r\">pension\u00e4r<\/option><option value=\"vanemapuhkus\">vanemapuhkus<\/option><\/select><\/span>\n<\/p>\n<p>T\u00f6\u00f6tasu:<br \/>\n<span class=\"wpcf7-form-control-wrap\" data-name=\"tootasu\"><select class=\"wpcf7-form-control wpcf7-select\" aria-invalid=\"false\" name=\"tootasu\"><option value=\"kuni 6 kuud\">kuni 6 kuud<\/option><option value=\"kuni  250\">kuni  250<\/option><option value=\"251 \u2013 500\">251 \u2013 500<\/option><option value=\"251 \u2013 500\">251 \u2013 500<\/option><option value=\"701 \u2013 1 000\">701 \u2013 1 000<\/option><option value=\"701 \u2013 1 000\">701 \u2013 1 000<\/option><option value=\"\u00fcle  1 300\">\u00fcle  1 300<\/option><option value=\"puudub\">puudub<\/option><\/select><\/span>\n<\/p>\n<p>Kauba nimetus:<br \/>\n<span class=\"wpcf7-form-control-wrap\" data-name=\"kaubanimi\"><input size=\"40\" maxlength=\"400\" class=\"wpcf7-form-control wpcf7-text wpcf7-validates-as-required\" aria-required=\"true\" aria-invalid=\"false\" value=\"\" type=\"text\" name=\"kaubanimi\" \/><\/span>\n<\/p>\n<p>Kauba hind:<br \/>\n<span class=\"wpcf7-form-control-wrap\" data-name=\"kaubahind\"><input size=\"40\" maxlength=\"400\" class=\"wpcf7-form-control wpcf7-text wpcf7-validates-as-required\" aria-required=\"true\" aria-invalid=\"false\" value=\"\" type=\"text\" name=\"kaubahind\" \/><\/span>\n<\/p>\n<p>Sissemakse:<br \/>\n<span class=\"wpcf7-form-control-wrap\" data-name=\"sissemakse\"><input size=\"40\" maxlength=\"400\" class=\"wpcf7-form-control wpcf7-text wpcf7-validates-as-required\" aria-required=\"true\" aria-invalid=\"false\" value=\"\" type=\"text\" name=\"sissemakse\" \/><\/span>\n<\/p>\n<p>Periood:<br \/>\n<span class=\"wpcf7-form-control-wrap\" data-name=\"periood\"><input size=\"40\" maxlength=\"400\" class=\"wpcf7-form-control wpcf7-text wpcf7-validates-as-required\" aria-required=\"true\" aria-invalid=\"false\" value=\"\" type=\"text\" name=\"periood\" \/><\/span>\n<\/p>\n<p>Tagasimakse kuup\u00e4ev:<br \/>\n<span class=\"wpcf7-form-control-wrap\" data-name=\"tagasimakse\"><input size=\"40\" maxlength=\"400\" class=\"wpcf7-form-control wpcf7-text wpcf7-validates-as-required\" aria-required=\"true\" aria-invalid=\"false\" value=\"\" type=\"text\" name=\"tagasimakse\" \/><\/span>\n<\/p>\n<p><input class=\"wpcf7-form-control wpcf7-submit has-spinner\" type=\"submit\" value=\"Saada taotlus\" \/>\n<\/p><p style=\"display: none !important;\" class=\"akismet-fields-container\" data-prefix=\"_wpcf7_ak_\"><label>&#916;<textarea name=\"_wpcf7_ak_hp_textarea\" cols=\"45\" rows=\"8\" maxlength=\"100\"><\/textarea><\/label><input type=\"hidden\" id=\"ak_js_1\" name=\"_wpcf7_ak_js\" value=\"128\"\/><script>document.getElementById( \"ak_js_1\" ).setAttribute( \"value\", ( new Date() ).getTime() );<\/script><\/p><div class=\"wpcf7-response-output\" aria-hidden=\"true\"><\/div>\n<\/form>\n<\/div>\n<style><\/style>[\/vc_column][\/vc_row]<\/p>\n<\/div>","protected":false},"excerpt":{"rendered":"<p>[vc_row css_animation=&#8221;&#8221; row_type=&#8221;row&#8221; use_row_as_full_screen_section=&#8221;no&#8221; type=&#8221;full_width&#8221; angled_section=&#8221;no&#8221; text_align=&#8221;left&#8221; background_image_as_pattern=&#8221;without_pattern&#8221;][vc_column width=&#8221;2\/3&#8243;][vc_column_text]Liisi j\u00e4relmaks aitab Teid vajaliku kauba soetamisel, saades ise valida sobiva sissemakse suuruse ja lepinguperioodi. P\u00e4rast lepingu allkirjastamist v\u00e4ljastatakse Teile sobiv kaup vastavalt kokkulepitud tarneajale. LIISI plussid: *Liisi j\u00e4relmaksu v\u00f5ivad taotleda k\u00f5ikide pankade kliendid. *Liisi vastab kiiresti&#8230;.<\/p>\n","protected":false},"author":1,"featured_media":0,"parent":0,"menu_order":0,"comment_status":"closed","ping_status":"closed","template":"","meta":{"footnotes":""},"class_list":["post-16234","page","type-page","status-publish","hentry"],"_links":{"self":[{"href":"https:\/\/www.autojupid.ee\/sv\/wp-json\/wp\/v2\/pages\/16234","targetHints":{"allow":["GET"]}}],"collection":[{"href":"https:\/\/www.autojupid.ee\/sv\/wp-json\/wp\/v2\/pages"}],"about":[{"href":"https:\/\/www.autojupid.ee\/sv\/wp-json\/wp\/v2\/types\/page"}],"author":[{"embeddable":true,"href":"https:\/\/www.autojupid.ee\/sv\/wp-json\/wp\/v2\/users\/1"}],"replies":[{"embeddable":true,"href":"https:\/\/www.autojupid.ee\/sv\/wp-json\/wp\/v2\/comments?post=16234"}],"version-history":[{"count":1,"href":"https:\/\/www.autojupid.ee\/sv\/wp-json\/wp\/v2\/pages\/16234\/revisions"}],"predecessor-version":[{"id":16336,"href":"https:\/\/www.autojupid.ee\/sv\/wp-json\/wp\/v2\/pages\/16234\/revisions\/16336"}],"wp:attachment":[{"href":"https:\/\/www.autojupid.ee\/sv\/wp-json\/wp\/v2\/media?parent=16234"}],"curies":[{"name":"wp","href":"https:\/\/api.w.org\/{rel}","templated":true}]}}